{"id":1689,"date":"2016-09-15T14:10:50","date_gmt":"2016-09-15T12:10:50","guid":{"rendered":"http:\/\/eqcxdlcz.preview.infomaniak.com\/?page_id=1689"},"modified":"2025-12-02T20:40:27","modified_gmt":"2025-12-02T19:40:27","slug":"organizers","status":"publish","type":"page","link":"https:\/\/3laenderlauf.org\/?page_id=1689&lang=en","title":{"rendered":"Organizers"},"content":{"rendered":"<p>[et_pb_section fb_built=&#8220;1&#8243; custom_padding_last_edited=&#8220;on|desktop&#8220; _builder_version=&#8220;4.16&#8243; background_color=&#8220;#ffffff&#8220; custom_padding_tablet=&#8220;50px|0|50px|0&#8243; custom_padding_phone=&#8220;&#8220; global_colors_info=&#8220;{}&#8220;][et_pb_row _builder_version=&#8220;4.27.4&#8243; background_size=&#8220;initial&#8220; background_position=&#8220;top_left&#8220; background_repeat=&#8220;repeat&#8220; global_colors_info=&#8220;{}&#8220;][et_pb_column type=&#8220;4_4&#8243; _builder_version=&#8220;4.16&#8243; custom_padding=&#8220;|||&#8220; global_colors_info=&#8220;{}&#8220; custom_padding__hover=&#8220;|||&#8220;][et_pb_text _builder_version=&#8220;4.27.4&#8243; background_size=&#8220;initial&#8220; background_position=&#8220;top_left&#8220; background_repeat=&#8220;repeat&#8220; global_colors_info=&#8220;{}&#8220;]<\/p>\n<h1>Organization committee<\/h1>\n<p><a href=\"https:\/\/3laenderlauf.org\/en\/clubs-2\/\">Clubs participating in the organization<\/a><\/p>\n<p>[\/et_pb_text][\/et_pb_column][\/et_pb_row][et_pb_row _builder_version=&#8220;4.16&#8243; background_size=&#8220;initial&#8220; background_position=&#8220;top_left&#8220; background_repeat=&#8220;repeat&#8220; global_colors_info=&#8220;{}&#8220;][et_pb_column type=&#8220;4_4&#8243; _builder_version=&#8220;4.16&#8243; custom_padding=&#8220;|||&#8220; global_colors_info=&#8220;{}&#8220; custom_padding__hover=&#8220;|||&#8220;][et_pb_text _builder_version=&#8220;4.27.4&#8243; background_size=&#8220;initial&#8220; background_position=&#8220;top_left&#8220; background_repeat=&#8220;repeat&#8220; text_orientation=&#8220;center&#8220; module_alignment=&#8220;center&#8220; global_colors_info=&#8220;{}&#8220;]<\/p>\n<p><img loading=\"lazy\" decoding=\"async\" src=\"https:\/\/3laenderlauf.org\/wp-content\/uploads\/2025\/11\/lichtenthaler.jpg\" width=\"110\" height=\"127\" alt=\"\" class=\"wp-image-35849 alignnone size-full\" \/><\/p>\n<h4>Martin Lichtenthaler (CH)<\/h4>\n<p>OK-Pr\u00e4sident und Gr\u00fcnder des 3Laenderlaufes<\/p>\n<p>[\/et_pb_text][\/et_pb_column][\/et_pb_row][et_pb_row column_structure=&#8220;1_3,1_3,1_3&#8243; _builder_version=&#8220;4.16&#8243; background_size=&#8220;initial&#8220; background_position=&#8220;top_left&#8220; background_repeat=&#8220;repeat&#8220; global_colors_info=&#8220;{}&#8220;][et_pb_column type=&#8220;1_3&#8243; _builder_version=&#8220;4.16&#8243; custom_padding=&#8220;|||&#8220; global_colors_info=&#8220;{}&#8220; custom_padding__hover=&#8220;|||&#8220;][et_pb_text _builder_version=&#8220;4.27.4&#8243; background_size=&#8220;initial&#8220; background_position=&#8220;top_left&#8220; background_repeat=&#8220;repeat&#8220; text_orientation=&#8220;center&#8220; module_alignment=&#8220;center&#8220; hover_enabled=&#8220;0&#8243; global_colors_info=&#8220;{}&#8220; sticky_enabled=&#8220;0&#8243;]<\/p>\n<p><img loading=\"lazy\" decoding=\"async\" src=\"https:\/\/3laenderlauf.org\/wp-content\/uploads\/2025\/12\/david-2025w.jpg\" width=\"110\" height=\"146\" alt=\"\" class=\"wp-image-36372 alignnone size-full\" \/><\/p>\n<h4>David Eckes<\/h4>\n<p>Vize-Pr\u00e4sident \/ F<\/p>\n<p>[\/et_pb_text][et_pb_text _builder_version=&#8220;4.16&#8243; background_size=&#8220;initial&#8220; background_position=&#8220;top_left&#8220; background_repeat=&#8220;repeat&#8220; text_orientation=&#8220;center&#8220; module_alignment=&#8220;center&#8220; global_colors_info=&#8220;{}&#8220;]<\/p>\n<p>\n<img loading=\"lazy\" decoding=\"async\" class=\"wp-image-1559 alignnone size-full\" src=\"https:\/\/3laenderlauf.org\/wp-content\/uploads\/2016\/08\/Michaela-1.jpg\" alt=\"\" width=\"111\" height=\"142\"><\/p>\n<h4>Michaela Dix (D)<\/h4>\n<p>Finanzen<\/p>\n<p>[\/et_pb_text][et_pb_text _builder_version=&#8220;4.16&#8243; background_size=&#8220;initial&#8220; background_position=&#8220;top_left&#8220; background_repeat=&#8220;repeat&#8220; text_orientation=&#8220;center&#8220; module_alignment=&#8220;center&#8220; global_colors_info=&#8220;{}&#8220;]<\/p>\n<p>\n<img loading=\"lazy\" decoding=\"async\" class=\"wp-image-3274 alignnone size-full\" src=\"https:\/\/3laenderlauf.org\/wp-content\/uploads\/2017\/10\/MCS_web.jpg\" alt=\"\" width=\"110\" height=\"129\"><\/p>\n<h4>Maurice Schneider (D)<\/h4>\n<p>Technische Leitung Marktplatz<\/p>\n<p>[\/et_pb_text][et_pb_text _builder_version=&#8220;4.27.4&#8243; background_size=&#8220;initial&#8220; background_position=&#8220;top_left&#8220; background_repeat=&#8220;repeat&#8220; text_orientation=&#8220;center&#8220; module_alignment=&#8220;center&#8220; global_colors_info=&#8220;{}&#8220;]<\/p>\n<p><img loading=\"lazy\" decoding=\"async\" src=\"https:\/\/3laenderlauf.org\/wp-content\/uploads\/2025\/11\/valentin-2025w.jpg\" width=\"110\" height=\"140\" alt=\"\" class=\"wp-image-36268 alignnone size-full\" \/><\/p>\n<h4>Valentin Tesche (D)<\/h4>\n<p>Techniker<\/p>\n<p>[\/et_pb_text][\/et_pb_column][et_pb_column type=&#8220;1_3&#8243; _builder_version=&#8220;4.16&#8243; custom_padding=&#8220;|||&#8220; global_colors_info=&#8220;{}&#8220; custom_padding__hover=&#8220;|||&#8220;][et_pb_text _builder_version=&#8220;4.27.4&#8243; background_size=&#8220;initial&#8220; background_position=&#8220;top_left&#8220; background_repeat=&#8220;repeat&#8220; text_orientation=&#8220;center&#8220; module_alignment=&#8220;center&#8220; global_colors_info=&#8220;{}&#8220;]<\/p>\n<p><img loading=\"lazy\" decoding=\"async\" src=\"https:\/\/3laenderlauf.org\/wp-content\/uploads\/2025\/11\/sacha-2025w.jpg\" width=\"110\" height=\"140\" alt=\"\" class=\"wp-image-36267 alignnone size-full\" \/><\/p>\n<h4>Sascha Senger (D)<\/h4>\n<p>Vize-Pr\u00e4sident \/ D<\/p>\n<p>[\/et_pb_text][et_pb_text _builder_version=&#8220;4.27.4&#8243; background_size=&#8220;initial&#8220; background_position=&#8220;top_left&#8220; background_repeat=&#8220;repeat&#8220; text_orientation=&#8220;center&#8220; module_alignment=&#8220;center&#8220; global_colors_info=&#8220;{}&#8220;]<\/p>\n<p><img loading=\"lazy\" decoding=\"async\" src=\"https:\/\/3laenderlauf.org\/wp-content\/uploads\/2025\/11\/seppi.jpg\" width=\"110\" height=\"130\" alt=\"\" class=\"wp-image-35847 alignnone size-full\" \/><\/p>\n<h4>Seppi Passamani (CH)<\/h4>\n<p>Technische Leitung Marktplatz<\/p>\n<p>[\/et_pb_text][et_pb_text _builder_version=&#8220;4.27.4&#8243; background_size=&#8220;initial&#8220; background_position=&#8220;top_left&#8220; background_repeat=&#8220;repeat&#8220; text_orientation=&#8220;center&#8220; module_alignment=&#8220;center&#8220; global_colors_info=&#8220;{}&#8220;]<\/p>\n<p><img loading=\"lazy\" decoding=\"async\" src=\"https:\/\/3laenderlauf.org\/wp-content\/uploads\/2025\/11\/guy2.jpg\" width=\"110\" height=\"130\" alt=\"\" class=\"wp-image-35859 alignnone size-full\" \/><\/p>\n<h4>Guy Fuchs (F)<\/h4>\n<p>Flyers \/ Web. \/ Route map<\/p>\n<p>[\/et_pb_text][et_pb_text _builder_version=&#8220;4.27.4&#8243; background_size=&#8220;initial&#8220; background_position=&#8220;top_left&#8220; background_repeat=&#8220;repeat&#8220; text_orientation=&#8220;center&#8220; module_alignment=&#8220;center&#8220; global_colors_info=&#8220;{}&#8220;]<\/p>\n<h4><img loading=\"lazy\" decoding=\"async\" src=\"https:\/\/3laenderlauf.org\/wp-content\/uploads\/2021\/12\/Dieter-1.jpg\" width=\"110\" height=\"143\" alt=\"\" class=\"wp-image-14727 alignnone size-medium\" \/>\u200b<br \/>Dieter Chart\u00e9 (D)<\/h4>\n<p>Festbetrieb<\/p>\n<p>[\/et_pb_text][\/et_pb_column][et_pb_column type=&#8220;1_3&#8243; _builder_version=&#8220;4.16&#8243; custom_padding=&#8220;|||&#8220; global_colors_info=&#8220;{}&#8220; custom_padding__hover=&#8220;|||&#8220;][et_pb_text _builder_version=&#8220;4.27.4&#8243; background_size=&#8220;initial&#8220; background_position=&#8220;top_left&#8220; background_repeat=&#8220;repeat&#8220; text_orientation=&#8220;center&#8220; module_alignment=&#8220;center&#8220; global_colors_info=&#8220;{}&#8220;]<\/p>\n<p><img loading=\"lazy\" decoding=\"async\" src=\"https:\/\/3laenderlauf.org\/wp-content\/uploads\/2025\/11\/pascalflury.jpg\" width=\"110\" height=\"134\" alt=\"\" class=\"wp-image-35841 alignnone size-full\" \/><\/p>\n<h4>Pascal Flury (CH)<\/h4>\n<p>Speaker<\/p>\n<p>[\/et_pb_text][et_pb_text _builder_version=&#8220;4.16&#8243; background_size=&#8220;initial&#8220; background_position=&#8220;top_left&#8220; background_repeat=&#8220;repeat&#8220; text_orientation=&#8220;center&#8220; module_alignment=&#8220;center&#8220; global_colors_info=&#8220;{}&#8220;]<\/p>\n<p>\n<img loading=\"lazy\" decoding=\"async\" class=\"wp-image-1568 alignnone size-full\" src=\"https:\/\/3laenderlauf.org\/wp-content\/uploads\/2016\/08\/Hansueli-1.jpg\" alt=\"\" width=\"110\" height=\"138\"><\/p>\n<h4>Hans-Ueli Fl\u00fcckiger (CH)<\/h4>\n<p>Startnummern-Ausgabe<\/p>\n<p>[\/et_pb_text][et_pb_text _builder_version=&#8220;4.27.4&#8243; background_size=&#8220;initial&#8220; background_position=&#8220;top_left&#8220; background_repeat=&#8220;repeat&#8220; text_orientation=&#8220;center&#8220; module_alignment=&#8220;center&#8220; global_colors_info=&#8220;{}&#8220;]<\/p>\n<h4><img loading=\"lazy\" decoding=\"async\" src=\"https:\/\/3laenderlauf.org\/wp-content\/uploads\/2025\/11\/alfred.jpg\" width=\"110\" height=\"126\" alt=\"\" class=\"wp-image-35842 alignnone size-full\" \/>\u200b<br \/>Alfred Schoene (D)<\/h4>\n<p>Turn- und Sportring Weil am Rhein<\/p>\n<p>[\/et_pb_text][et_pb_text _builder_version=&#8220;4.27.4&#8243; background_size=&#8220;initial&#8220; background_position=&#8220;top_left&#8220; background_repeat=&#8220;repeat&#8220; text_orientation=&#8220;center&#8220; module_alignment=&#8220;center&#8220; global_colors_info=&#8220;{}&#8220;]<\/p>\n<h4><img loading=\"lazy\" decoding=\"async\" src=\"https:\/\/3laenderlauf.org\/wp-content\/uploads\/2025\/11\/oli-lehmann-1.jpg\" width=\"110\" height=\"129\" alt=\"\" class=\"wp-image-35860 alignnone size-full\" \/>\u200b<br \/>Oli Lehmann (D)<\/h4>\n<p>Festbetrieb<\/p>\n<p>[\/et_pb_text][\/et_pb_column][\/et_pb_row][\/et_pb_section]<\/p>\n","protected":false},"excerpt":{"rendered":"<p>Organization committee Clubs participating in the organization Martin Lichtenthaler (CH) OK-Pr\u00e4sident und Gr\u00fcnder des 3Laenderlaufes David Eckes Vize-Pr\u00e4sident \/ F Michaela Dix (D) Finanzen Maurice Schneider (D) Technische Leitung Marktplatz Valentin Tesche (D) Techniker Sascha Senger (D) Vize-Pr\u00e4sident \/ D Seppi Passamani (CH) Technische Leitung Marktplatz Guy Fuchs (F) Flyers \/ Web. \/ Route map\u200bDieter [&hellip;]<\/p>\n","protected":false},"author":1,"featured_media":0,"parent":0,"menu_order":0,"comment_status":"closed","ping_status":"closed","template":"","meta":{"_et_pb_use_builder":"on","_et_pb_old_content":"","_et_gb_content_width":"","footnotes":""},"class_list":["post-1689","page","type-page","status-publish","hentry"],"_links":{"self":[{"href":"https:\/\/3laenderlauf.org\/index.php?rest_route=\/wp\/v2\/pages\/1689","targetHints":{"allow":["GET"]}}],"collection":[{"href":"https:\/\/3laenderlauf.org\/index.php?rest_route=\/wp\/v2\/pages"}],"about":[{"href":"https:\/\/3laenderlauf.org\/index.php?rest_route=\/wp\/v2\/types\/page"}],"author":[{"embeddable":true,"href":"https:\/\/3laenderlauf.org\/index.php?rest_route=\/wp\/v2\/users\/1"}],"replies":[{"embeddable":true,"href":"https:\/\/3laenderlauf.org\/index.php?rest_route=%2Fwp%2Fv2%2Fcomments&post=1689"}],"version-history":[{"count":9,"href":"https:\/\/3laenderlauf.org\/index.php?rest_route=\/wp\/v2\/pages\/1689\/revisions"}],"predecessor-version":[{"id":36375,"href":"https:\/\/3laenderlauf.org\/index.php?rest_route=\/wp\/v2\/pages\/1689\/revisions\/36375"}],"wp:attachment":[{"href":"https:\/\/3laenderlauf.org\/index.php?rest_route=%2Fwp%2Fv2%2Fmedia&parent=1689"}],"curies":[{"name":"wp","href":"https:\/\/api.w.org\/{rel}","templated":true}]}}