{"id":1724,"date":"2016-09-15T17:31:10","date_gmt":"2016-09-15T15:31:10","guid":{"rendered":"http:\/\/eqcxdlcz.preview.infomaniak.com\/?page_id=1724"},"modified":"2026-01-22T08:55:39","modified_gmt":"2026-01-22T07:55:39","slug":"hebergement","status":"publish","type":"page","link":"https:\/\/3laenderlauf.org\/?page_id=1724&lang=fr","title":{"rendered":"H\u00e9bergement FR"},"content":{"rendered":"<p>[et_pb_section fb_built=&#8220;1&#8243; custom_padding_last_edited=&#8220;on|desktop&#8220; _builder_version=&#8220;4.16&#8243; background_color=&#8220;#ffffff&#8220; custom_padding_tablet=&#8220;50px|0|50px|0&#8243; custom_padding_phone=&#8220;&#8220; locked=&#8220;off&#8220; global_colors_info=&#8220;{}&#8220;][et_pb_row column_structure=&#8220;3_5,2_5&#8243; _builder_version=&#8220;4.27.0&#8243; background_size=&#8220;initial&#8220; background_position=&#8220;top_left&#8220; background_repeat=&#8220;repeat&#8220; global_colors_info=&#8220;{}&#8220;][et_pb_column type=&#8220;3_5&#8243; _builder_version=&#8220;4.27.0&#8243; custom_padding=&#8220;|||&#8220; global_colors_info=&#8220;{}&#8220; custom_padding__hover=&#8220;|||&#8220;][et_pb_text _builder_version=&#8220;4.16&#8243; background_size=&#8220;initial&#8220; background_position=&#8220;top_left&#8220; background_repeat=&#8220;repeat&#8220; global_colors_info=&#8220;{}&#8220;]<\/p>\n<h4>Notre h\u00f4tel partenaire,<\/h4>\n<h4><a href=\"http:\/\/www.welcomehotels.ch\/de\/stuecki\/angebote\/?details=1360\"><strong>Essential by Dorint Basel City<\/strong> <\/a><\/h4>\n<h4><a href=\"http:\/\/www.welcomehotels.ch\/de\/stuecki\/angebote\/?details=1360\">propose aux participants \u00e0 la Course des 3 Pays des conditions sp\u00e9ciales avec la possibilit\u00e9 de Late Check-Out.<\/a><\/h4>\n<p>[\/et_pb_text][et_pb_toggle title=&#8220;D\u00e9tails de l&#8217;offre&#8220; closed_toggle_background_color=&#8220;#d6d6d6&#8243; icon_color=&#8220;#E02B20&#8243; use_icon_font_size=&#8220;on&#8220; icon_font_size=&#8220;50px&#8220; open_icon_color=&#8220;#E02B20&#8243; open_use_icon_font_size=&#8220;on&#8220; open_icon_font_size=&#8220;46px&#8220; _builder_version=&#8220;4.27.4&#8243; _module_preset=&#8220;default&#8220; title_font=&#8220;|600|||||||&#8220; background_color=&#8220;#FFFFFF&#8220; global_colors_info=&#8220;{}&#8220;]<\/p>\n<h5><strong>Arriv\u00e9e :<\/strong> samedi 16 mai 2026 \u00e0 partir de 15h00<br \/><strong>D\u00e9part :<\/strong> dimanche 17 mai 2026 jusqu&#8217;\u00e0 12h00<\/h5>\n<h5>&#8211; Petit d\u00e9jeuner buffet &#8222;du sportif&#8220;, riche et vari\u00e9.<br \/>&#8211; 1 bouteille d&#8217;eau par personne, dans votre chambre.<br \/>&#8211; Possibilit\u00e9 de garder votre chambre jusqu&#8217;\u00e0 16h00 ; uniquement sur demande.<br \/>&#8211; Wifi dans tout l&#8217;\u00e9tablissement.<br \/>&#8211; Utilisation de l&#8217;espace de remise en forme.<br \/>&#8211; BaslerCard (transports en commun gratuits et 50% de r\u00e9duction pour les mus\u00e9es de B\u00e2le, le zoo, etc).<br \/>&#8211; Service et TVA inclus.<\/h5>\n<h5><strong>Prix par chambre et par nuit :<\/strong><\/h5>\n<h5><strong>Chambre Essential<\/strong><br \/>Occupation individuelle : CHF 159.00<br \/>Occupation double : CHF 179.00<br \/>City Tax: CHF 4.00 par personne et par nuit<\/h5>\n<h5><strong>Chambre Superior<\/strong><br \/>Occupation individuelle : CHF 179.00<br \/>Occupation double : CHF 199.00<br \/>City Tax: CHF 4.00 par personne et par nuit<\/h5>\n<h5><strong>Options :<\/strong><br \/>&#8211; Place de garage pour CHF 15.00 par jour (au lieu de CHF 25.00)<br \/>&#8211; Plats de p\u00e2tes la veille au soir, \u00e0 partir de CHF 24.00 par personne (merci de bien vouloir r\u00e9server)<br \/>&#8211; Nuit suppl\u00e9mentaire sur demande<\/h5>\n<h5><span>Essential by Dorint Basel City<\/span><br \/><span>Sch\u00f6naustrasse 10 \u00b7 4058 Basel<\/span><\/h5>\n<h5><span><strong>R\u00e9servations :<\/strong> +41 44 808 10 65, ou par mail<br \/>reservierung.basel@dorint.com<\/span><\/h5>\n<p>[\/et_pb_toggle][\/et_pb_column][et_pb_column type=&#8220;2_5&#8243; _builder_version=&#8220;4.27.0&#8243; _module_preset=&#8220;default&#8220; global_colors_info=&#8220;{}&#8220;][et_pb_image src=&#8220;https:\/\/3laenderlauf.org\/wp-content\/uploads\/2024\/09\/logo_dorint_kl.png&#8220; title_text=&#8220;logo_dorint_kl&#8220; url=&#8220;https:\/\/hotel-basel.dorint.com\/de\/&#8220; align=&#8220;center&#8220; _builder_version=&#8220;4.27.0&#8243; _module_preset=&#8220;default&#8220; global_colors_info=&#8220;{}&#8220;][\/et_pb_image][et_pb_image src=&#8220;https:\/\/3laenderlauf.org\/wp-content\/uploads\/2024\/09\/logo_dorint_kl.png&#8220; alt=&#8220;Hotel St\u00fccki Basel&#8220; title_text=&#8220;logo_dorint_kl&#8220; url=&#8220;https:\/\/www.hotel-basel.dotint.com\/de&#8220; url_new_window=&#8220;on&#8220; align=&#8220;center&#8220; align_tablet=&#8220;center&#8220; align_phone=&#8220;&#8220; align_last_edited=&#8220;on|desktop&#8220; module_class=&#8220;et_animated&#8220; _builder_version=&#8220;4.27.0&#8243; width=&#8220;50%&#8220; height=&#8220;50%&#8220; animation_style=&#8220;slide&#8220; animation_direction=&#8220;left&#8220; animation_duration=&#8220;500ms&#8220; animation_intensity_slide=&#8220;10%&#8220; animation=&#8220;left&#8220; global_colors_info=&#8220;{}&#8220;][\/et_pb_image][\/et_pb_column][\/et_pb_row][et_pb_row _builder_version=&#8220;4.27.4&#8243; background_size=&#8220;initial&#8220; background_position=&#8220;top_left&#8220; background_repeat=&#8220;repeat&#8220; custom_padding=&#8220;|34px||||&#8220; global_colors_info=&#8220;{}&#8220;][et_pb_column type=&#8220;4_4&#8243; _builder_version=&#8220;4.16&#8243; custom_padding=&#8220;|||&#8220; global_colors_info=&#8220;{}&#8220; custom_padding__hover=&#8220;|||&#8220;][et_pb_text _builder_version=&#8220;4.27.4&#8243; background_size=&#8220;initial&#8220; background_position=&#8220;top_left&#8220; background_repeat=&#8220;repeat&#8220; custom_padding=&#8220;24px|||||&#8220; hover_enabled=&#8220;0&#8243; global_colors_info=&#8220;{}&#8220; sticky_enabled=&#8220;0&#8243;]<\/p>\n<h4><a href=\"https:\/\/www.lavillak.com\/\" target=\"_blank\" rel=\"noopener\"><\/a>H\u00f4tel en France<\/h4>\n<p><a href=\"https:\/\/www.lavillak.com\/\" target=\"_blank\" rel=\"noopener\" title=\"Villa K\"><img loading=\"lazy\" decoding=\"async\" src=\"https:\/\/3laenderlauf.org\/wp-content\/uploads\/2026\/01\/VillaK-scaled.jpg\" width=\"654\" height=\"175\" alt=\"\" class=\"wp-image-36467 alignnone size-full\" \/><\/a><\/p>\n<h4><\/h4>\n<p>[\/et_pb_text][\/et_pb_column][\/et_pb_row][et_pb_row _builder_version=&#8220;4.16&#8243; background_size=&#8220;initial&#8220; background_position=&#8220;top_left&#8220; background_repeat=&#8220;repeat&#8220; global_colors_info=&#8220;{}&#8220;][et_pb_column type=&#8220;4_4&#8243; _builder_version=&#8220;4.16&#8243; custom_padding=&#8220;|||&#8220; global_colors_info=&#8220;{}&#8220; custom_padding__hover=&#8220;|||&#8220;][et_pb_text _builder_version=&#8220;4.27.0&#8243; background_size=&#8220;initial&#8220; background_position=&#8220;top_left&#8220; background_repeat=&#8220;repeat&#8220; global_colors_info=&#8220;{}&#8220;]<\/p>\n<h2>Autres h\u00e9bergements<\/h2>\n<p>[\/et_pb_text][et_pb_text _builder_version=&#8220;4.16&#8243; background_size=&#8220;initial&#8220; background_position=&#8220;top_left&#8220; background_repeat=&#8220;repeat&#8220; global_colors_info=&#8220;{}&#8220;]<\/p>\n<h3>CH :<\/h3>\n<h4><a href=\"http:\/\/www.basel.com\">www.basel.com<\/a><\/h4>\n<h3>D:<\/h3>\n<h4><a href=\"http:\/\/www.weil-am-rhein.de\">www.weil-am-rhein.de<\/a><\/h4>\n<h3>F:<\/h3>\n<h4><a href=\"http:\/\/www.saintlouis-tourisme.fr\/\">www.saintlouis-tourisme.fr<\/a><\/h4>\n<hr \/>\n<p>[\/et_pb_text][\/et_pb_column][\/et_pb_row][\/et_pb_section]<\/p>\n","protected":false},"excerpt":{"rendered":"<p>Notre h\u00f4tel partenaire, Essential by Dorint Basel City propose aux participants \u00e0 la Course des 3 Pays des conditions sp\u00e9ciales avec la possibilit\u00e9 de Late Check-Out.Arriv\u00e9e : samedi 16 mai 2026 \u00e0 partir de 15h00D\u00e9part : dimanche 17 mai 2026 jusqu&#8217;\u00e0 12h00 &#8211; Petit d\u00e9jeuner buffet &#8222;du sportif&#8220;, riche et vari\u00e9.- 1 bouteille d&#8217;eau par [&hellip;]<\/p>\n","protected":false},"author":1,"featured_media":0,"parent":0,"menu_order":0,"comment_status":"closed","ping_status":"closed","template":"","meta":{"_et_pb_use_builder":"on","_et_pb_old_content":"","_et_gb_content_width":"","footnotes":""},"class_list":["post-1724","page","type-page","status-publish","hentry"],"_links":{"self":[{"href":"https:\/\/3laenderlauf.org\/index.php?rest_route=\/wp\/v2\/pages\/1724","targetHints":{"allow":["GET"]}}],"collection":[{"href":"https:\/\/3laenderlauf.org\/index.php?rest_route=\/wp\/v2\/pages"}],"about":[{"href":"https:\/\/3laenderlauf.org\/index.php?rest_route=\/wp\/v2\/types\/page"}],"author":[{"embeddable":true,"href":"https:\/\/3laenderlauf.org\/index.php?rest_route=\/wp\/v2\/users\/1"}],"replies":[{"embeddable":true,"href":"https:\/\/3laenderlauf.org\/index.php?rest_route=%2Fwp%2Fv2%2Fcomments&post=1724"}],"version-history":[{"count":7,"href":"https:\/\/3laenderlauf.org\/index.php?rest_route=\/wp\/v2\/pages\/1724\/revisions"}],"predecessor-version":[{"id":36472,"href":"https:\/\/3laenderlauf.org\/index.php?rest_route=\/wp\/v2\/pages\/1724\/revisions\/36472"}],"wp:attachment":[{"href":"https:\/\/3laenderlauf.org\/index.php?rest_route=%2Fwp%2Fv2%2Fmedia&parent=1724"}],"curies":[{"name":"wp","href":"https:\/\/api.w.org\/{rel}","templated":true}]}}