{"id":274,"date":"2016-08-10T23:58:30","date_gmt":"2016-08-10T21:58:30","guid":{"rendered":"http:\/\/eqcxdlcz.preview.infomaniak.com\/?page_id=274"},"modified":"2025-11-13T17:17:24","modified_gmt":"2025-11-13T16:17:24","slug":"unterkunft","status":"publish","type":"page","link":"https:\/\/3laenderlauf.org\/?page_id=274&lang=de","title":{"rendered":"Hebergement All"},"content":{"rendered":"<p>[et_pb_section fb_built=&#8220;1&#8243; custom_padding_last_edited=&#8220;on|desktop&#8220; _builder_version=&#8220;4.16&#8243; background_color=&#8220;#ffffff&#8220; custom_padding_tablet=&#8220;50px|0|50px|0&#8243; custom_padding_phone=&#8220;&#8220; global_colors_info=&#8220;{}&#8220;][et_pb_row column_structure=&#8220;1_2,1_2&#8243; _builder_version=&#8220;4.26.1&#8243; background_color=&#8220;rgba(223,183,88,0.3)&#8220; background_size=&#8220;initial&#8220; background_position=&#8220;top_left&#8220; background_repeat=&#8220;repeat&#8220; global_colors_info=&#8220;{}&#8220;][et_pb_column type=&#8220;1_2&#8243; _builder_version=&#8220;4.16&#8243; custom_padding=&#8220;|||&#8220; global_colors_info=&#8220;{}&#8220; custom_padding__hover=&#8220;|||&#8220;][et_pb_image src=&#8220;https:\/\/3laenderlauf.org\/wp-content\/uploads\/2024\/05\/Logo-3Laenderlauf-seul-sans-fond.png&#8220; title_text=&#8220;Logo-3Laenderlauf-seul-sans-fond&#8220; align=&#8220;center&#8220; _builder_version=&#8220;4.26.0&#8243; _module_preset=&#8220;default&#8220; global_colors_info=&#8220;{}&#8220;][\/et_pb_image][et_pb_divider divider_weight=&#8220;3px&#8220; _builder_version=&#8220;4.27.0&#8243; _module_preset=&#8220;default&#8220; global_colors_info=&#8220;{}&#8220;][\/et_pb_divider][et_pb_image src=&#8220;https:\/\/3laenderlauf.org\/wp-content\/uploads\/2024\/09\/logo_dorint_kl.png&#8220; title_text=&#8220;logo_dorint_kl&#8220; url=&#8220;https:\/\/hotel-basel.dorint.com\/de\/&#8220; url_new_window=&#8220;on&#8220; align=&#8220;center&#8220; _builder_version=&#8220;4.27.0&#8243; _module_preset=&#8220;default&#8220; global_colors_info=&#8220;{}&#8220;][\/et_pb_image][\/et_pb_column][et_pb_column type=&#8220;1_2&#8243; _builder_version=&#8220;4.16&#8243; custom_padding=&#8220;|||&#8220; global_colors_info=&#8220;{}&#8220; custom_padding__hover=&#8220;|||&#8220;][et_pb_text _builder_version=&#8220;4.16&#8243; background_size=&#8220;initial&#8220; background_position=&#8220;top_left&#8220; background_repeat=&#8220;repeat&#8220; global_colors_info=&#8220;{}&#8220;]<\/p>\n<h4><a href=\"http:\/\/www.welcomehotels.ch\/de\/stuecki\/angebote\/?details=1360\">Unser Partner Hotel, das <\/a><\/h4>\n<h4><a href=\"http:\/\/www.welcomehotels.ch\/de\/stuecki\/angebote\/?details=1360\"><strong>Essential by Dorint Basel City<\/strong> <\/a><\/h4>\n<h4><a href=\"http:\/\/www.welcomehotels.ch\/de\/stuecki\/angebote\/?details=1360\">bietet den Teilnehmer*Innen des 3Laenderlaufes, Sonderkonditionen mit Late Check-out (auf Anfrage und nach Verf\u00fcgbarkeit).<\/a><\/h4>\n<p>[\/et_pb_text][et_pb_toggle title=&#8220;Weiter lesen&#8220; closed_toggle_background_color=&#8220;#d6d6d6&#8243; icon_color=&#8220;#E02B20&#8243; toggle_icon=&#8220;&#xf107;||fa||900&#8243; use_icon_font_size=&#8220;on&#8220; icon_font_size=&#8220;30px&#8220; open_icon_color=&#8220;#E02B20&#8243; open_toggle_icon=&#8220;&#xf106;||fa||900&#8243; open_use_icon_font_size=&#8220;on&#8220; _builder_version=&#8220;4.27.4&#8243; _module_preset=&#8220;default&#8220; title_font=&#8220;|600|||||||&#8220; background_color=&#8220;#FFFFFF&#8220; hover_enabled=&#8220;0&#8243; global_colors_info=&#8220;{}&#8220; sticky_enabled=&#8220;0&#8243;]<\/p>\n<h5><strong>6Anreise:<\/strong> Samstag, 16. Mai 2026 ab 15h00<br \/><strong>Abreise:<\/strong> Sonntag, 17. Mai 2026 bis 12h00<\/h5>\n<h5>&#8211; Reichhaltiges Sportler-Fr\u00fchst\u00fccksbuffet<br \/>&#8211; Eine Flasche Wasser pro Person im Zimmer<br \/>&#8211; Late Check-Out bis 16h00 auf Anfrage und nach Verf\u00fcgbarkeit.<br \/>&#8211; W-Lan im ganzen Haus<br \/>&#8211; Nutzung des Fitnessbereichs<br \/>&#8211; BaslerCard (kostenfreie Nutzung des \u00f6ffentlichen Verkehrs, sowie 50% Reduktion in den Basler Museen, dem Zolli, etc)<br \/>&#8211; Service und MvSt. inklusive<\/h5>\n<h5><strong>Preise pro Zimmer und Nacht:<\/strong><\/h5>\n<h5><strong>Zimmer Essential<\/strong><br \/>Rate Einzelbelegung: CHF 159.00<br \/>Rate Doppelbelegung: CHF 179.00<br \/>City Tax: CHF 4.00 pro\/Pers. und Nacht<\/h5>\n<h5><strong>Zimmer Superior<\/strong><br \/>Rate Einzelbelegung: CHF 179.00<br \/>Rate Doppelbelegung: CHF 199.00<br \/>City Tax: CHF 4.00 pro\/Pers. und Nacht<\/h5>\n<h5><strong>Optional:<\/strong><br \/>&#8211; Garagenpl\u00e4tze f\u00fcr CHF 15.00 pro Tag (anstatt CHF 25.00)<br \/>&#8211; Pasta-Gerichte am Vorabend ab CHF 24.00 pro Person (bitte reservieren)<br \/>&#8211; Folgenacht nur auf Anfrage und bei Verf\u00fcgbarkeit buchbar.<\/h5>\n<p>&nbsp;<\/p>\n<h5><span>Essential by Dorint Basel City<\/span><br \/><span>Sch\u00f6naustrasse 10 \u00b7 4058 Basel<\/span><\/h5>\n<h5><span><strong>Reservierungen:<\/strong> +41 44 808 10 65, oder<br \/>reservierung.basel@dorint.com<\/span><\/h5>\n<p>[\/et_pb_toggle][\/et_pb_column][\/et_pb_row][et_pb_row _builder_version=&#8220;4.16&#8243; background_size=&#8220;initial&#8220; background_position=&#8220;top_left&#8220; background_repeat=&#8220;repeat&#8220; global_colors_info=&#8220;{}&#8220;][et_pb_column type=&#8220;4_4&#8243; _builder_version=&#8220;4.16&#8243; custom_padding=&#8220;|||&#8220; global_colors_info=&#8220;{}&#8220; custom_padding__hover=&#8220;|||&#8220;][et_pb_text _builder_version=&#8220;4.16&#8243; background_size=&#8220;initial&#8220; background_position=&#8220;top_left&#8220; background_repeat=&#8220;repeat&#8220; global_colors_info=&#8220;{}&#8220;]<\/p>\n<hr>\n<p>[\/et_pb_text][\/et_pb_column][\/et_pb_row][et_pb_row _builder_version=&#8220;4.16&#8243; background_size=&#8220;initial&#8220; background_position=&#8220;top_left&#8220; background_repeat=&#8220;repeat&#8220; global_colors_info=&#8220;{}&#8220;][et_pb_column type=&#8220;4_4&#8243; _builder_version=&#8220;4.16&#8243; custom_padding=&#8220;|||&#8220; global_colors_info=&#8220;{}&#8220; custom_padding__hover=&#8220;|||&#8220;][et_pb_text _builder_version=&#8220;4.16&#8243; background_size=&#8220;initial&#8220; background_position=&#8220;top_left&#8220; background_repeat=&#8220;repeat&#8220; global_colors_info=&#8220;{}&#8220;]<\/p>\n<h2>Andere Unterk\u00fcnfte<\/h2>\n<p>[\/et_pb_text][et_pb_text _builder_version=&#8220;4.16&#8243; background_size=&#8220;initial&#8220; background_position=&#8220;top_left&#8220; background_repeat=&#8220;repeat&#8220; global_colors_info=&#8220;{}&#8220;]<\/p>\n<h3>CH :<\/h3>\n<h4><a href=\"http:\/\/www.basel.com\">www.basel.com<\/a><\/h4>\n<h3>D:<\/h3>\n<h4><a href=\"http:\/\/www.weil-am-rhein.de\">www.weil-am-rhein.de<\/a><\/h4>\n<h3>F:<\/h3>\n<h4><a href=\"http:\/\/www.saintlouis-tourisme.fr\/\">www.saintlouis-tourisme.fr<\/a><\/h4>\n<hr \/>\n<p>[\/et_pb_text][\/et_pb_column][\/et_pb_row][\/et_pb_section]<\/p>\n","protected":false},"excerpt":{"rendered":"<p>Unser Partner Hotel, das Essential by Dorint Basel City bietet den Teilnehmer*Innen des 3Laenderlaufes, Sonderkonditionen mit Late Check-out (auf Anfrage und nach Verf\u00fcgbarkeit).6Anreise: Samstag, 16. Mai 2026 ab 15h00Abreise: Sonntag, 17. Mai 2026 bis 12h00 &#8211; Reichhaltiges Sportler-Fr\u00fchst\u00fccksbuffet- Eine Flasche Wasser pro Person im Zimmer- Late Check-Out bis 16h00 auf Anfrage und nach Verf\u00fcgbarkeit.- W-Lan [&hellip;]<\/p>\n","protected":false},"author":1,"featured_media":0,"parent":0,"menu_order":0,"comment_status":"closed","ping_status":"closed","template":"","meta":{"_et_pb_use_builder":"on","_et_pb_old_content":"<h1>Partner Hotel<\/h1><p>Unser Partner, das Hotel St\u00fccki, bietet den Teilnehmerinnen des 3Laenderlaufes Sonderkonditionen, mit Late-Check Out.<\/p><p><a href=\"http:\/\/http:\/\/www.welcomehotels.ch\/de\/stuecki\/hotel\/\"><img class=\"alignnone size-medium wp-image-275\" src=\"http:\/\/eqcxdlcz.preview.infomaniak.com\/wp-content\/uploads\/2016\/08\/logo_hotelstuecki-300x52.png\" alt=\"logo_hotelstuecki\" width=\"300\" height=\"52\" \/><\/a><\/p><p>\u00a0<\/p>","_et_gb_content_width":"","footnotes":""},"class_list":["post-274","page","type-page","status-publish","hentry"],"_links":{"self":[{"href":"https:\/\/3laenderlauf.org\/index.php?rest_route=\/wp\/v2\/pages\/274","targetHints":{"allow":["GET"]}}],"collection":[{"href":"https:\/\/3laenderlauf.org\/index.php?rest_route=\/wp\/v2\/pages"}],"about":[{"href":"https:\/\/3laenderlauf.org\/index.php?rest_route=\/wp\/v2\/types\/page"}],"author":[{"embeddable":true,"href":"https:\/\/3laenderlauf.org\/index.php?rest_route=\/wp\/v2\/users\/1"}],"replies":[{"embeddable":true,"href":"https:\/\/3laenderlauf.org\/index.php?rest_route=%2Fwp%2Fv2%2Fcomments&post=274"}],"version-history":[{"count":3,"href":"https:\/\/3laenderlauf.org\/index.php?rest_route=\/wp\/v2\/pages\/274\/revisions"}],"predecessor-version":[{"id":36006,"href":"https:\/\/3laenderlauf.org\/index.php?rest_route=\/wp\/v2\/pages\/274\/revisions\/36006"}],"wp:attachment":[{"href":"https:\/\/3laenderlauf.org\/index.php?rest_route=%2Fwp%2Fv2%2Fmedia&parent=274"}],"curies":[{"name":"wp","href":"https:\/\/api.w.org\/{rel}","templated":true}]}}