{"id":34542,"date":"2024-08-27T16:04:10","date_gmt":"2024-08-27T14:04:10","guid":{"rendered":"https:\/\/3laenderlauf.org\/?page_id=34542"},"modified":"2026-02-09T10:15:25","modified_gmt":"2026-02-09T09:15:25","slug":"semi-marathon","status":"publish","type":"page","link":"https:\/\/3laenderlauf.org\/?page_id=34542&lang=fr","title":{"rendered":"1\/2 marathon FR"},"content":{"rendered":"<p>[et_pb_section fb_built=&#8220;1&#8243; _builder_version=&#8220;4.25.2&#8243; _module_preset=&#8220;default&#8220; background_color=&#8220;RGBA(255,255,255,0)&#8220; background_enable_image=&#8220;off&#8220; locked=&#8220;off&#8220; global_colors_info=&#8220;{}&#8220;][et_pb_row column_structure=&#8220;2_5,3_5&#8243; _builder_version=&#8220;4.25.2&#8243; _module_preset=&#8220;default&#8220; background_color=&#8220;#88C4DD&#8220; global_colors_info=&#8220;{}&#8220;][et_pb_column type=&#8220;2_5&#8243; _builder_version=&#8220;4.25.1&#8243; _module_preset=&#8220;default&#8220; global_colors_info=&#8220;{}&#8220;][et_pb_image src=&#8220;https:\/\/3laenderlauf.org\/wp-content\/uploads\/2024\/07\/Logo-3Laenderlauf-seul-2025-1.png&#8220; title_text=&#8220;Logo-3Laenderlauf-seul-2025&#8243; align=&#8220;center&#8220; _builder_version=&#8220;4.26.0&#8243; _module_preset=&#8220;default&#8220; global_colors_info=&#8220;{}&#8220;][\/et_pb_image][et_pb_divider color=&#8220;#0C71C3&#8243; divider_position=&#8220;center&#8220; divider_weight=&#8220;3px&#8220; _builder_version=&#8220;4.25.2&#8243; _module_preset=&#8220;default&#8220; custom_margin=&#8220;|||30px|false|false&#8220; border_width_all=&#8220;3px&#8220; border_color_all=&#8220;RGBA(255,255,255,0)&#8220; global_colors_info=&#8220;{}&#8220;][\/et_pb_divider][et_pb_image src=&#8220;https:\/\/3laenderlauf.org\/wp-content\/uploads\/2024\/07\/bridge-7060684_1280.jpg&#8220; title_text=&#8220;bridge-7060684_1280&#8243; align=&#8220;center&#8220; _builder_version=&#8220;4.25.2&#8243; _module_preset=&#8220;default&#8220; custom_margin=&#8220;|||30px|false|false&#8220; global_colors_info=&#8220;{}&#8220;][\/et_pb_image][et_pb_divider color=&#8220;#0C71C3&#8243; divider_position=&#8220;center&#8220; divider_weight=&#8220;3px&#8220; _builder_version=&#8220;4.25.2&#8243; _module_preset=&#8220;default&#8220; custom_margin=&#8220;|||30px|false|false&#8220; border_width_all=&#8220;3px&#8220; border_color_all=&#8220;RGBA(255,255,255,0)&#8220; global_colors_info=&#8220;{}&#8220;][\/et_pb_divider][et_pb_image src=&#8220;https:\/\/3laenderlauf.org\/wp-content\/uploads\/2024\/07\/muenster-4971620_1280.jpg&#8220; title_text=&#8220;muenster-4971620_1280&#8243; align=&#8220;center&#8220; _builder_version=&#8220;4.25.2&#8243; _module_preset=&#8220;default&#8220; custom_margin=&#8220;|||30px|false|false&#8220; global_colors_info=&#8220;{}&#8220;][\/et_pb_image][et_pb_divider color=&#8220;#0C71C3&#8243; divider_position=&#8220;center&#8220; divider_weight=&#8220;3px&#8220; _builder_version=&#8220;4.25.2&#8243; _module_preset=&#8220;default&#8220; custom_margin=&#8220;|||30px|false|false&#8220; border_width_all=&#8220;3px&#8220; border_color_all=&#8220;RGBA(255,255,255,0)&#8220; global_colors_info=&#8220;{}&#8220;][\/et_pb_divider][\/et_pb_column][et_pb_column type=&#8220;3_5&#8243; _builder_version=&#8220;4.25.1&#8243; _module_preset=&#8220;default&#8220; global_colors_info=&#8220;{}&#8220;][et_pb_image src=&#8220;https:\/\/3laenderlauf.org\/wp-content\/uploads\/2025\/09\/Novartis_halb-2-1.jpg&#8220; title_text=&#8220;Novartis_halb-2&#8243; _builder_version=&#8220;4.27.4&#8243; _module_preset=&#8220;default&#8220; global_colors_info=&#8220;{}&#8220;][\/et_pb_image][et_pb_accordion open_toggle_background_color=&#8220;#FFFFFF&#8220; closed_toggle_background_color=&#8220;#FFFFFF&#8220; toggle_icon=&#8220;&#xf078;||fa||900&#8243; _builder_version=&#8220;4.27.4&#8243; _module_preset=&#8220;default&#8220; background_color=&#8220;RGBA(255,255,255,0)&#8220; global_colors_info=&#8220;{}&#8220;][et_pb_accordion_item title=&#8220;D\u00e9part&#8220; open=&#8220;on&#8220; open_toggle_text_color=&#8220;#000000&#8243; open_toggle_background_color=&#8220;#FFFFFF&#8220; closed_toggle_text_color=&#8220;#FFFFFF&#8220; closed_toggle_background_color=&#8220;#0C71C3&#8243; icon_color=&#8220;RGBA(255,255,255,0)&#8220; toggle_icon=&#8220;&#x24;||divi||400&#8243; _builder_version=&#8220;4.27.4&#8243; _module_preset=&#8220;default&#8220; body_text_color=&#8220;#000000&#8243; body_font_size=&#8220;18px&#8220; background_color=&#8220;RGBA(255,255,255,0)&#8220; background_enable_image=&#8220;off&#8220; global_colors_info=&#8220;{}&#8220; toggle_font_size=&#8220;20px&#8220; closed_toggle_font_size=&#8220;20px&#8220;]<\/p>\n<p><span style=\"color: #000000;\">D\u00e9part \u00e0 10h15<\/span><\/p>\n<p><span style=\"color: #000000;\">D\u00e9part et arriv\u00e9e : place du march\u00e9 (Marktplatz)<\/span><\/p>\n<p><span style=\"color: #000000;\">D\u00e9part en un seul bloc.<\/span><span style=\"color: #000000;\"><\/span><\/p>\n<p>[\/et_pb_accordion_item][et_pb_accordion_item title=&#8220;Dossard&#8220; open_toggle_text_color=&#8220;#000000&#8243; open_toggle_background_color=&#8220;#FFFFFF&#8220; closed_toggle_background_color=&#8220;#0C71C3&#8243; _builder_version=&#8220;4.27.4&#8243; _module_preset=&#8220;default&#8220; body_text_color=&#8220;#000000&#8243; body_font_size=&#8220;18px&#8220; background_color=&#8220;#7CDA24&#8243; global_colors_info=&#8220;{}&#8220; toggle_text_color=&#8220;#FFFFFF&#8220; toggle_font_size=&#8220;20px&#8220; closed_toggle_font_size=&#8220;20px&#8220; open=&#8220;off&#8220;]<\/p>\n<p><img loading=\"lazy\" decoding=\"async\" src=\"https:\/\/3laenderlauf.org\/wp-content\/uploads\/2025\/09\/Novartis_halb-2-1-300x85.jpg\" width=\"300\" height=\"85\" alt=\"\" class=\"wp-image-35417 alignnone size-medium\" \/><\/p>\n<p>Les dossards personnels seront envoy\u00e9s par la poste \u00e0 toutes les adresses suisses environ 10 jours avant la course.<\/p>\n<p>Remarque : dans certains cas, il peut arriver que les dossards ne puissent pas \u00eatre livr\u00e9s, par exemple en raison d&#8217;adresses incompl\u00e8tes ou erron\u00e9es.<\/p>\n<p>Les participants ayant une adresse \u00e0 l&#8217;\u00e9tranger ne recevront pas leur dossard par la poste et devront le retirer au point de retrait des dossards.<\/p>\n<ul>\n<li>Soit le samedi 16 mai 2026 dans la cour int\u00e9rieure de la mairie entre 10h et 16h.<\/li>\n<li>Soit le dimanche 17 mai 2026 sur la place du march\u00e9 \u00e0 partir de 7h pour le marathon et \u00e0 partir de 7h30 pour le 10 km et le semi-marathon.<\/li>\n<\/ul>\n<p>Nous vous recommandons de retirer votre dossard \u00e0 l&#8217;avance afin d&#8217;\u00e9viter les temps d&#8217;attente.<\/p>\n<p>Les Starter Bags seront \u00e9galement \u00e0 disposition.<\/p>\n<p>[\/et_pb_accordion_item][et_pb_accordion_item title=&#8220;D\u00e9p\u00f4t des valeurs&#8220; open_toggle_background_color=&#8220;#FFFFFF&#8220; closed_toggle_text_color=&#8220;#FFFFFF&#8220; closed_toggle_background_color=&#8220;#0C71C3&#8243; _builder_version=&#8220;4.27.4&#8243; _module_preset=&#8220;default&#8220; body_text_color=&#8220;#000000&#8243; body_font_size=&#8220;18px&#8220; global_colors_info=&#8220;{}&#8220; toggle_text_color=&#8220;#000000&#8243; toggle_font_size=&#8220;20px&#8220; open=&#8220;off&#8220;]<\/p>\n<p><img loading=\"lazy\" decoding=\"async\" src=\"https:\/\/3laenderlauf.org\/wp-content\/uploads\/2025\/09\/Novartis_halb-2-1-300x85.jpg\" width=\"300\" height=\"85\" alt=\"\" class=\"wp-image-35417 alignnone size-medium\" \/><\/p>\n<p>Le d\u00e9p\u00f4t des valeurs se trouve dans la cour int\u00e9rieure de l\u2019H\u00f4tel de Ville (Rathaus) jusqu\u2019\u00e0 14h30.<\/p>\n<p>Ne seront accept\u00e9s que des cl\u00e9s, des portes-feuilles et portes-monnaie, t\u00e9l\u00e9phones et papiers d\u2019identit\u00e9, dans un sac au format A4.<\/p>\n<p>Les sacs de sport doivent rester dans les vestiaires. Merci !<\/p>\n<p>Merci de garder votre dossard sur vous !<\/p>\n<p>[\/et_pb_accordion_item][et_pb_accordion_item title=&#8220;Vestiaires&#8220; open_toggle_background_color=&#8220;#FFFFFF&#8220; closed_toggle_text_color=&#8220;#FFFFFF&#8220; closed_toggle_background_color=&#8220;#0C71C3&#8243; _builder_version=&#8220;4.27.4&#8243; _module_preset=&#8220;default&#8220; body_text_color=&#8220;#000000&#8243; body_font_size=&#8220;18px&#8220; global_colors_info=&#8220;{}&#8220; toggle_text_color=&#8220;#000000&#8243; toggle_font_size=&#8220;20px&#8220; open=&#8220;off&#8220;]<\/p>\n<p>&nbsp;<\/p>\n<p><img loading=\"lazy\" decoding=\"async\" src=\"https:\/\/3laenderlauf.org\/wp-content\/uploads\/2025\/09\/Novartis_halb-2-1-300x85.jpg\" width=\"300\" height=\"85\" alt=\"\" class=\"wp-image-35417 alignnone size-medium\" \/><\/p>\n<p><img loading=\"lazy\" decoding=\"async\" src=\"https:\/\/3laenderlauf.org\/wp-content\/uploads\/2025\/11\/vestiaires-w1-300x197.jpg\" width=\"300\" height=\"197\" alt=\"\" class=\"wp-image-36154 alignnone size-medium\" \/><\/p>\n<p>Dans la Salle des Sports de la Rittergasse (suivre le fl\u00e9chage, pr\u00e8s de la cath\u00e9drale).<\/p>\n<div class=\"et_pb_toggle_content clearfix\" style=\"display: block;\">\n<p>Des douches sont \u00e9galement disponibles.<\/p>\n<p>&nbsp;<\/p>\n<p>Il n\u2019y a pas de possibilit\u00e9 de se garer pr\u00e8s des vestiaires.<\/p>\n<p>&nbsp;<\/p>\n<p>&nbsp;<\/p>\n<\/div>\n<p>[\/et_pb_accordion_item][et_pb_accordion_item title=&#8220;T-Shirts &#038; M\u00e9dailles&#8220; open_toggle_text_color=&#8220;#000000&#8243; open_toggle_background_color=&#8220;#FFFFFF&#8220; closed_toggle_background_color=&#8220;#0C71C3&#8243; _builder_version=&#8220;4.27.4&#8243; _module_preset=&#8220;default&#8220; body_text_color=&#8220;#000000&#8243; body_font_size=&#8220;18px&#8220; global_colors_info=&#8220;{}&#8220; toggle_text_color=&#8220;#FFFFFF&#8220; toggle_font_size=&#8220;20px&#8220; open=&#8220;off&#8220;]<\/p>\n<p><img loading=\"lazy\" decoding=\"async\" src=\"https:\/\/3laenderlauf.org\/wp-content\/uploads\/2025\/09\/Novartis_halb-2-1-300x85.jpg\" width=\"300\" height=\"85\" alt=\"\" class=\"wp-image-35417 alignnone size-medium\" \/><\/p>\n<p>Les T-shirts et les m\u00e9dailles seront distribu\u00e9s apr\u00e8s l\u2019arriv\u00e9e, sur le Marktplatz.<\/p>\n<p>Merci d\u2019avoir votre dossard sur vous.<\/p>\n<p>[\/et_pb_accordion_item][et_pb_accordion_item title=&#8220;Remise des prix&#8220; open_toggle_text_color=&#8220;#000000&#8243; open_toggle_background_color=&#8220;#FFFFFF&#8220; closed_toggle_text_color=&#8220;#FFFFFF&#8220; closed_toggle_background_color=&#8220;#0C71C3&#8243; _builder_version=&#8220;4.27.4&#8243; _module_preset=&#8220;default&#8220; body_text_color=&#8220;#000000&#8243; body_font_size=&#8220;18px&#8220; global_colors_info=&#8220;{}&#8220; toggle_text_color=&#8220;#FFFFFF&#8220; toggle_font_size=&#8220;20px&#8220; open=&#8220;off&#8220;]<\/p>\n<p><img loading=\"lazy\" decoding=\"async\" src=\"https:\/\/3laenderlauf.org\/wp-content\/uploads\/2025\/09\/Novartis_halb-2-1-300x85.jpg\" width=\"300\" height=\"85\" alt=\"\" class=\"wp-image-35417 alignnone size-medium\" \/><\/p>\n<p>Sur le Marktplatz \u00e0 13h00.<\/p>\n<p>[\/et_pb_accordion_item][et_pb_accordion_item title=&#8220;Massage&#8220; open_toggle_text_color=&#8220;#000000&#8243; open_toggle_background_color=&#8220;#FFFFFF&#8220; closed_toggle_background_color=&#8220;#0C71C3&#8243; _builder_version=&#8220;4.27.4&#8243; _module_preset=&#8220;default&#8220; body_text_color=&#8220;#000000&#8243; body_font_size=&#8220;18px&#8220; global_colors_info=&#8220;{}&#8220; toggle_text_color=&#8220;#FFFFFF&#8220; toggle_font_size=&#8220;20px&#8220; open=&#8220;off&#8220;]<\/p>\n<p><img loading=\"lazy\" decoding=\"async\" src=\"https:\/\/3laenderlauf.org\/wp-content\/uploads\/2025\/09\/Novartis_halb-2-1-300x85.jpg\" width=\"300\" height=\"85\" alt=\"\" class=\"wp-image-35417 alignnone size-medium\" \/><\/p>\n<p>Sur la Marktplatz (sous la tente de la Crossklinik), avant et apr\u00e8s la course.<\/p>\n<p>[\/et_pb_accordion_item][et_pb_accordion_item title=&#8220;Dipl\u00f4me&#8220; open_toggle_text_color=&#8220;#000000&#8243; open_toggle_background_color=&#8220;#FFFFFF&#8220; closed_toggle_background_color=&#8220;#0C71C3&#8243; _builder_version=&#8220;4.27.4&#8243; _module_preset=&#8220;default&#8220; body_text_color=&#8220;#000000&#8243; body_font_size=&#8220;18px&#8220; global_colors_info=&#8220;{}&#8220; toggle_text_color=&#8220;#FFFFFF&#8220; toggle_font_size=&#8220;20px&#8220; open=&#8220;off&#8220;]<\/p>\n<p><img loading=\"lazy\" decoding=\"async\" src=\"https:\/\/3laenderlauf.org\/wp-content\/uploads\/2025\/09\/Novartis_halb-2-1-300x85.jpg\" width=\"300\" height=\"85\" alt=\"\" class=\"wp-image-35417 alignnone size-medium\" \/><\/p>\n<p>Apr\u00e8s la course, \u00e0 t\u00e9l\u00e9charger chez Datasport.<\/p>\n<p>[\/et_pb_accordion_item][et_pb_accordion_item title=&#8220;Fin de course&#8220; open_toggle_background_color=&#8220;#FFFFFF&#8220; closed_toggle_text_color=&#8220;#FFFFFF&#8220; closed_toggle_background_color=&#8220;#0C71C3&#8243; _builder_version=&#8220;4.27.4&#8243; _module_preset=&#8220;default&#8220; body_text_color=&#8220;#000000&#8243; body_font_size=&#8220;18px&#8220; global_colors_info=&#8220;{}&#8220; toggle_text_color=&#8220;#000000&#8243; toggle_font_size=&#8220;20px&#8220; open=&#8220;off&#8220;]<\/p>\n<p><img loading=\"lazy\" decoding=\"async\" src=\"https:\/\/3laenderlauf.org\/wp-content\/uploads\/2025\/09\/Novartis_halb-2-1-300x85.jpg\" width=\"300\" height=\"85\" alt=\"\" class=\"wp-image-35417 alignnone size-medium\" \/><\/p>\n<p>Le temps limite pour le semi-marathon est de 3 heures.<\/p>\n<p><span>La voiture-balai indique la fin officielle de la course.<\/span><\/p>\n<p>[\/et_pb_accordion_item][et_pb_accordion_item title=&#8220;Cat\u00e9gories et finance d&#8217;inscrption&#8220; open_toggle_text_color=&#8220;#000000&#8243; open_toggle_background_color=&#8220;#FFFFFF&#8220; closed_toggle_background_color=&#8220;#0C71C3&#8243; _builder_version=&#8220;4.27.4&#8243; _module_preset=&#8220;default&#8220; global_colors_info=&#8220;{}&#8220; toggle_text_color=&#8220;#FFFFFF&#8220; toggle_font_size=&#8220;20px&#8220; open=&#8220;off&#8220;]<\/p>\n\n<table id=\"tablepress-13\" class=\"tablepress tablepress-id-13\">\n<thead>\n<tr class=\"row-1\">\n\t<th class=\"column-1\">Kat.<br \/>\nCat.<\/th><th class=\"column-2\">Jahrg\u00e4nge<br \/>\nN\u00e9s en<\/th><th class=\"column-3\">Startzeit<br \/>\nD\u00e9part \u00e0<\/th><th class=\"column-4\">Strecke<br \/>\nDistance<\/th><th class=\"column-5\">Startgeld bis 28.02.2026<br \/>\n<\/th><th class=\"column-6\">Startgeld 1.03.2026 bis 30.04.2026<\/th><th class=\"column-7\">Startgeld ab 01.05.2026<\/th>\n<\/tr>\n<\/thead>\n<tbody class=\"row-striping row-hover\">\n<tr class=\"row-2\">\n\t<td class=\"column-1\">HM20 \/ HF20<\/td><td class=\"column-2\">1997-2008<\/td><td class=\"column-3\">10:15<\/td><td class=\"column-4\">21,1 Km<\/td><td class=\"column-5\">CHF 60<\/td><td class=\"column-6\">CHF 70<\/td><td class=\"column-7\">CHF 80<\/td>\n<\/tr>\n<tr class=\"row-3\">\n\t<td class=\"column-1\">HM30 \/ HF30<\/td><td class=\"column-2\">1987-1996<\/td><td class=\"column-3\">10:15<\/td><td class=\"column-4\">21,1 Km<\/td><td class=\"column-5\">CHF 60<\/td><td class=\"column-6\">CHF 70<\/td><td class=\"column-7\">CHF 80<\/td>\n<\/tr>\n<tr class=\"row-4\">\n\t<td class=\"column-1\">1HM40 \/ HF40<\/td><td class=\"column-2\">1977-1986<\/td><td class=\"column-3\">10:15<\/td><td class=\"column-4\">21,1 Km<\/td><td class=\"column-5\">CHF 60<\/td><td class=\"column-6\">CHF 70<\/td><td class=\"column-7\">CHF 80<\/td>\n<\/tr>\n<tr class=\"row-5\">\n\t<td class=\"column-1\">HM50 \/ HF50<\/td><td class=\"column-2\">1967-1976<\/td><td class=\"column-3\">10:15<\/td><td class=\"column-4\">21,1 Km<\/td><td class=\"column-5\">CHF 60<\/td><td class=\"column-6\">CHF 70<\/td><td class=\"column-7\">CHF 80<\/td>\n<\/tr>\n<tr class=\"row-6\">\n\t<td class=\"column-1\">HM60 \/ HF60<\/td><td class=\"column-2\">1957-1966<\/td><td class=\"column-3\">10::15<\/td><td class=\"column-4\">21,1Km<\/td><td class=\"column-5\">CHF 60<\/td><td class=\"column-6\">CHF 70<\/td><td class=\"column-7\">CHF 80<\/td>\n<\/tr>\n<tr class=\"row-7\">\n\t<td class=\"column-1\">HM70 \/ HF70<\/td><td class=\"column-2\">1956 &amp; -<\/td><td class=\"column-3\">10:15<\/td><td class=\"column-4\">21,1 Km<\/td><td class=\"column-5\">CHF 60<\/td><td class=\"column-6\">CHF 70<\/td><td class=\"column-7\">CHF 80<\/td>\n<\/tr>\n<\/tbody>\n<\/table>\n<!-- #tablepress-13 from cache -->\n<p>[\/et_pb_accordion_item][et_pb_accordion_item title=&#8220;Inclus dans le prix&#8220; open_toggle_text_color=&#8220;#000000&#8243; open_toggle_background_color=&#8220;#FFFFFF&#8220; closed_toggle_background_color=&#8220;#0C71C3&#8243; _builder_version=&#8220;4.27.4&#8243; _module_preset=&#8220;default&#8220; body_text_color=&#8220;#000000&#8243; body_font_size=&#8220;18px&#8220; global_colors_info=&#8220;{}&#8220; toggle_text_color=&#8220;#FFFFFF&#8220; toggle_font_size=&#8220;20px&#8220; open=&#8220;off&#8220;]<\/p>\n<p><img loading=\"lazy\" decoding=\"async\" src=\"https:\/\/3laenderlauf.org\/wp-content\/uploads\/2025\/09\/Novartis_halb-2-1-300x85.jpg\" width=\"300\" height=\"85\" alt=\"\" class=\"wp-image-35417 alignnone size-medium\" \/><\/p>\n<ul>\n<li>Voyage gratuit avec les transports publics (TNW (CH), RVL (D) et Distribus (F).<\/li>\n<li>D\u00e9part avec sac de d\u00e9part et dossard personnalis\u00e9.<\/li>\n<li>T-shirt de finisher du finishe<\/li>\n<li>M\u00e9daille de finisher<\/li>\n<li>Chronom\u00e9trage \u00e9lectronique avec puce, liste des r\u00e9sultats sur Internet. Chronom\u00e9trage en temps r\u00e9el.<\/li>\n<li>Points de ravitaillement<\/li>\n<li>Postes de premiers secours<\/li>\n<li>Service de massage<\/li>\n<li>Douches chaudes<\/li>\n<li>Vestiaire et d\u00e9p\u00f4t d&#8217;objets de valeur<\/li>\n<li>Service de SMS gratuit<\/li>\n<li>Dipl\u00f4me \u00e0 t\u00e9l\u00e9charger<\/li>\n<li>Groupes de musique sur le parcours<\/li>\n<li>Pacemaker sur le semi-marathon : 1:45 \/ 2:00 \/ 2:15 et 2:30<\/li>\n<li>&#8212;&#8212;&#8212;&#8212;&#8212;&#8212;&#8212;<\/li>\n<li>Photos (photos des finishers) sur www.alphafoto.com<\/li>\n<\/ul>\n<p>[\/et_pb_accordion_item][et_pb_accordion_item title=&#8220;Transport gratuit&#8220; open_toggle_text_color=&#8220;#000000&#8243; open_toggle_background_color=&#8220;#FFFFFF&#8220; closed_toggle_background_color=&#8220;#0C71C3&#8243; _builder_version=&#8220;4.27.4&#8243; _module_preset=&#8220;default&#8220; body_font_size=&#8220;18px&#8220; global_colors_info=&#8220;{}&#8220; toggle_text_color=&#8220;#FFFFFF&#8220; toggle_font_size=&#8220;20px&#8220; open=&#8220;off&#8220;]<\/p>\n<p><img loading=\"lazy\" decoding=\"async\" src=\"https:\/\/3laenderlauf.org\/wp-content\/uploads\/2025\/09\/Novartis_halb-2-1-300x85.jpg\" width=\"300\" height=\"85\" alt=\"\" class=\"wp-image-35417 alignnone size-medium\" \/><\/p>\n<p>Une semaine avant la course, chaque inscrit recevra par e-mail de Datasport, un ticket de transport gratuit.<\/p>\n<p>Ce ticket sera valable sur les r\u00e9seaux locaux uniquement.<\/p>\n<p>[\/et_pb_accordion_item][\/et_pb_accordion][\/et_pb_column][\/et_pb_row][\/et_pb_section]<\/p>\n","protected":false},"excerpt":{"rendered":"<p>D\u00e9part \u00e0 10h15 D\u00e9part et arriv\u00e9e : place du march\u00e9 (Marktplatz) D\u00e9part en un seul bloc. Les dossards personnels seront envoy\u00e9s par la poste \u00e0 toutes les adresses suisses environ 10 jours avant la course. Remarque : dans certains cas, il peut arriver que les dossards ne puissent pas \u00eatre livr\u00e9s, par exemple en raison [&hellip;]<\/p>\n","protected":false},"author":1,"featured_media":0,"parent":0,"menu_order":0,"comment_status":"closed","ping_status":"closed","template":"","meta":{"_et_pb_use_builder":"on","_et_pb_old_content":"","_et_gb_content_width":"","footnotes":""},"class_list":["post-34542","page","type-page","status-publish","hentry"],"_links":{"self":[{"href":"https:\/\/3laenderlauf.org\/index.php?rest_route=\/wp\/v2\/pages\/34542","targetHints":{"allow":["GET"]}}],"collection":[{"href":"https:\/\/3laenderlauf.org\/index.php?rest_route=\/wp\/v2\/pages"}],"about":[{"href":"https:\/\/3laenderlauf.org\/index.php?rest_route=\/wp\/v2\/types\/page"}],"author":[{"embeddable":true,"href":"https:\/\/3laenderlauf.org\/index.php?rest_route=\/wp\/v2\/users\/1"}],"replies":[{"embeddable":true,"href":"https:\/\/3laenderlauf.org\/index.php?rest_route=%2Fwp%2Fv2%2Fcomments&post=34542"}],"version-history":[{"count":33,"href":"https:\/\/3laenderlauf.org\/index.php?rest_route=\/wp\/v2\/pages\/34542\/revisions"}],"predecessor-version":[{"id":36536,"href":"https:\/\/3laenderlauf.org\/index.php?rest_route=\/wp\/v2\/pages\/34542\/revisions\/36536"}],"wp:attachment":[{"href":"https:\/\/3laenderlauf.org\/index.php?rest_route=%2Fwp%2Fv2%2Fmedia&parent=34542"}],"curies":[{"name":"wp","href":"https:\/\/api.w.org\/{rel}","templated":true}]}}