{"id":34554,"date":"2024-08-20T15:38:56","date_gmt":"2024-08-20T13:38:56","guid":{"rendered":"https:\/\/3laenderlauf.org\/?page_id=34554"},"modified":"2026-02-09T10:16:01","modified_gmt":"2026-02-09T09:16:01","slug":"10-km-lauf","status":"publish","type":"page","link":"https:\/\/3laenderlauf.org\/?page_id=34554&lang=de","title":{"rendered":"10 Km All"},"content":{"rendered":"<p>[et_pb_section fb_built=&#8220;1&#8243; _builder_version=&#8220;4.25.2&#8243; _module_preset=&#8220;default&#8220; background_color=&#8220;RGBA(255,255,255,0)&#8220; background_enable_image=&#8220;off&#8220; locked=&#8220;off&#8220; global_colors_info=&#8220;{}&#8220;][et_pb_row column_structure=&#8220;2_5,3_5&#8243; _builder_version=&#8220;4.25.2&#8243; _module_preset=&#8220;default&#8220; background_color=&#8220;rgba(197,49,13,0.77)&#8220; global_colors_info=&#8220;{}&#8220;][et_pb_column type=&#8220;2_5&#8243; _builder_version=&#8220;4.25.1&#8243; _module_preset=&#8220;default&#8220; global_colors_info=&#8220;{}&#8220;][et_pb_image src=&#8220;https:\/\/3laenderlauf.org\/wp-content\/uploads\/2024\/07\/Logo-3Laenderlauf-seul-2025-1.png&#8220; title_text=&#8220;Logo-3Laenderlauf-seul-2025&#8243; align=&#8220;center&#8220; _builder_version=&#8220;4.26.0&#8243; _module_preset=&#8220;default&#8220; global_colors_info=&#8220;{}&#8220;][\/et_pb_image][et_pb_divider color=&#8220;#E02B20&#8243; divider_position=&#8220;center&#8220; divider_weight=&#8220;3px&#8220; _builder_version=&#8220;4.25.2&#8243; _module_preset=&#8220;default&#8220; custom_margin=&#8220;|||30px|false|false&#8220; global_colors_info=&#8220;{}&#8220;][\/et_pb_divider][et_pb_image src=&#8220;https:\/\/3laenderlauf.org\/wp-content\/uploads\/2025\/11\/3-Landerlauf_127_25-05-2025-LA.jpg&#8220; title_text=&#8220;3 Landerlauf_127_25-05-2025-LA&#8220; align=&#8220;center&#8220; _builder_version=&#8220;4.27.4&#8243; _module_preset=&#8220;default&#8220; custom_margin=&#8220;|||30px|false|false&#8220; global_colors_info=&#8220;{}&#8220;][\/et_pb_image][et_pb_divider color=&#8220;#E02B20&#8243; divider_position=&#8220;center&#8220; divider_weight=&#8220;3px&#8220; _builder_version=&#8220;4.25.2&#8243; _module_preset=&#8220;default&#8220; custom_margin=&#8220;|||30px|false|false&#8220; global_colors_info=&#8220;{}&#8220;][\/et_pb_divider][et_pb_image src=&#8220;https:\/\/3laenderlauf.org\/wp-content\/uploads\/2025\/11\/DreiLanderLauf-2025_464.jpg&#8220; title_text=&#8220;DreiLanderLauf-2025_464&#8243; align=&#8220;center&#8220; _builder_version=&#8220;4.27.4&#8243; _module_preset=&#8220;default&#8220; custom_margin=&#8220;|||30px|false|false&#8220; global_colors_info=&#8220;{}&#8220;][\/et_pb_image][et_pb_divider color=&#8220;#E02B20&#8243; divider_position=&#8220;center&#8220; divider_weight=&#8220;3px&#8220; _builder_version=&#8220;4.25.2&#8243; _module_preset=&#8220;default&#8220; custom_margin=&#8220;|||30px|false|false&#8220; global_colors_info=&#8220;{}&#8220;][\/et_pb_divider][\/et_pb_column][et_pb_column type=&#8220;3_5&#8243; _builder_version=&#8220;4.25.1&#8243; _module_preset=&#8220;default&#8220; global_colors_info=&#8220;{}&#8220;][et_pb_image src=&#8220;https:\/\/3laenderlauf.org\/wp-content\/uploads\/2025\/09\/ca_nb-1.jpg&#8220; title_text=&#8220;ca_nb&#8220; url=&#8220;https:\/\/www.ca-nextbank.ch&#8220; url_new_window=&#8220;on&#8220; align=&#8220;center&#8220; _builder_version=&#8220;4.27.4&#8243; _module_preset=&#8220;default&#8220; width=&#8220;50%&#8220; border_radii=&#8220;off||||&#8220; border_color_all=&#8220;#5B8500&#8243; global_colors_info=&#8220;{}&#8220;][\/et_pb_image][et_pb_accordion toggle_icon=&#8220;&#xf078;||fa||900&#8243; _builder_version=&#8220;4.27.4&#8243; _module_preset=&#8220;default&#8220; background_color=&#8220;RGBA(255,255,255,0)&#8220; global_colors_info=&#8220;{}&#8220;][et_pb_accordion_item title=&#8220;Start&#8220; open=&#8220;on&#8220; open_toggle_text_color=&#8220;#000000&#8243; open_toggle_background_color=&#8220;#FFFFFF&#8220; closed_toggle_text_color=&#8220;#FFFFFF&#8220; closed_toggle_background_color=&#8220;#E02B20&#8243; icon_color=&#8220;RGBA(255,255,255,0)&#8220; toggle_icon=&#8220;&#x24;||divi||400&#8243; _builder_version=&#8220;4.27.4&#8243; _module_preset=&#8220;default&#8220; body_text_color=&#8220;#000000&#8243; body_font_size=&#8220;18px&#8220; background_color=&#8220;RGBA(255,255,255,0)&#8220; background_enable_image=&#8220;off&#8220; global_colors_info=&#8220;{}&#8220; toggle_font_size=&#8220;20px&#8220; closed_toggle_font_size=&#8220;20px&#8220;]<\/p>\n<p>Start um 9.10 Uhr<\/p>\n<p>Start und Ziel: Marktplatz, Massenstart<\/p>\n<p><span style=\"color: #000000;\"><\/span><\/p>\n<p>[\/et_pb_accordion_item][et_pb_accordion_item title=&#8220;Startnummern&#8220; open_toggle_background_color=&#8220;#FFFFFF&#8220; closed_toggle_text_color=&#8220;#FFFFFF&#8220; closed_toggle_background_color=&#8220;#E02B20&#8243; _builder_version=&#8220;4.27.4&#8243; _module_preset=&#8220;default&#8220; body_text_color=&#8220;#000000&#8243; body_font_size=&#8220;18px&#8220; link_option_url_new_window=&#8220;on&#8220; global_colors_info=&#8220;{}&#8220; toggle_text_color=&#8220;#000000&#8243; toggle_font_size=&#8220;20px&#8220; open=&#8220;off&#8220;]<\/p>\n<p><img loading=\"lazy\" decoding=\"async\" src=\"https:\/\/3laenderlauf.org\/wp-content\/uploads\/2025\/09\/ca_nb-1-300x139.jpg\" width=\"300\" height=\"139\" alt=\"\" class=\"wp-image-35414 alignnone size-medium\" \/><\/p>\n<p>Die pers\u00f6nlichen Startnummern werden rund 10 Tage vor dem Lauf per Post an alle <strong>Schweizer Adressen<\/strong> versendet.<br \/><strong>Bitte beachte<\/strong>: In Einzelf\u00e4llen kann es vorkommen, dass Startnummern nicht zugestellt werden k\u00f6nnen \u2013 beispielsweise aufgrund unvollst\u00e4ndiger oder fehlerhafter Adressangaben.<\/p>\n<p><strong>Teilnehmende, deren Startnummer nicht per Post zugestellt werden konnte<\/strong>, k\u00f6nnen diese vor Ort an der Startnummernausgabe abholen.<\/p>\n<p><strong>Teilnehmende mit einer Auslandsadresse<\/strong> erhalten ihre Startnummer nicht per Post und m\u00fcssen diese bei der Startnummernausgabe abholen.<\/p>\n<ul>\n<li>Entweder am Samstag 16. Mai 2026 im Innenhof des Rathauses zwischen 10 und 16 Uhr<\/li>\n<li>oder am Sonntag 17. Mai 2026 auf dem Marktplatz ab 7 Uhr f\u00fcr den Marathon und ab 7.30 Uhr f\u00fcr den 10km und Halbmarathon.<\/li>\n<\/ul>\n<p>Wir empfehlen, die Startnummer <strong>fr\u00fchzeitig abzuholen<\/strong>, um Wartezeiten zu vermeiden.<\/p>\n<p>&nbsp;<\/p>\n<p>[\/et_pb_accordion_item][et_pb_accordion_item title=&#8220;Wertsachendepot&#8220; open_toggle_background_color=&#8220;#FFFFFF&#8220; closed_toggle_text_color=&#8220;#FFFFFF&#8220; closed_toggle_background_color=&#8220;#E02B20&#8243; _builder_version=&#8220;4.27.4&#8243; _module_preset=&#8220;default&#8220; body_text_color=&#8220;#000000&#8243; body_font_size=&#8220;18px&#8220; global_colors_info=&#8220;{}&#8220; toggle_text_color=&#8220;#000000&#8243; toggle_font_size=&#8220;20px&#8220; open=&#8220;off&#8220;]<\/p>\n<p><img loading=\"lazy\" decoding=\"async\" src=\"https:\/\/3laenderlauf.org\/wp-content\/uploads\/2025\/09\/ca_nb-1-300x139.jpg\" width=\"300\" height=\"139\" alt=\"\" class=\"wp-image-35414 alignnone size-medium\" \/><\/p>\n<p>Das Wertsachendepot befindet sich Innenhof des Rathauses bis 1<strong>4.30Uhr<\/strong>.<br \/>Angenommen werden nur Schl\u00fcssel, Portemonnaies, Handys, Ausweise, maximal ein A-4 Beutel.<\/p>\n<p>Sporttaschen m\u00fcssen in der Garderobe bleiben.<\/p>\n<p>Bitte immer die Startnummer mitbringen.<\/p>\n<p>&nbsp;<\/p>\n<p>[\/et_pb_accordion_item][et_pb_accordion_item title=&#8220;Garderoben&#8220; open_toggle_background_color=&#8220;#FFFFFF&#8220; closed_toggle_text_color=&#8220;#FFFFFF&#8220; closed_toggle_background_color=&#8220;#E02B20&#8243; _builder_version=&#8220;4.27.4&#8243; _module_preset=&#8220;default&#8220; body_text_color=&#8220;#000000&#8243; body_font_size=&#8220;18px&#8220; global_colors_info=&#8220;{}&#8220; toggle_text_color=&#8220;#000000&#8243; toggle_font_size=&#8220;20px&#8220; open=&#8220;off&#8220;]<\/p>\n<p><img loading=\"lazy\" decoding=\"async\" src=\"https:\/\/3laenderlauf.org\/wp-content\/uploads\/2025\/09\/ca_nb-1-300x139.jpg\" width=\"300\" height=\"139\" alt=\"\" class=\"wp-image-35414 alignnone size-medium\" \/><\/p>\n<p>F\u00fcr Damen und Herren in der Turnhalle Rittergasse (N\u00e4he M\u00fcnster, beschildert). Duschen sind vorhanden.<\/p>\n<p>Keine Parkm\u00f6glichkeit bei den Garderoben.<\/p>\n<p><img loading=\"lazy\" decoding=\"async\" src=\"https:\/\/3laenderlauf.org\/wp-content\/uploads\/2025\/11\/vestiaires-w1-300x197.jpg\" width=\"300\" height=\"197\" alt=\"\" class=\"wp-image-36154 alignnone size-medium\" \/><\/p>\n<p>[\/et_pb_accordion_item][et_pb_accordion_item title=&#8220;T-Shirts &#038; Medaillen&#8220; open_toggle_text_color=&#8220;#000000&#8243; open_toggle_background_color=&#8220;#FFFFFF&#8220; closed_toggle_background_color=&#8220;#E02B20&#8243; _builder_version=&#8220;4.27.4&#8243; _module_preset=&#8220;default&#8220; body_text_color=&#8220;#000000&#8243; body_font_size=&#8220;18px&#8220; global_colors_info=&#8220;{}&#8220; toggle_text_color=&#8220;#FFFFFF&#8220; toggle_font_size=&#8220;20px&#8220; open=&#8220;off&#8220;]<\/p>\n<p><img loading=\"lazy\" decoding=\"async\" src=\"https:\/\/3laenderlauf.org\/wp-content\/uploads\/2025\/09\/ca_nb-1-300x139.jpg\" width=\"300\" height=\"139\" alt=\"\" class=\"wp-image-35414 alignnone size-medium\" \/><\/p>\n<p>Die Finisher T-Shirts und die Finisher Medaillen werden nach dem Zieleinlauf, auf dem Marktplatz abgegeben.<\/p>\n<p>Bitte die Startnummer mitnehmen!<\/p>\n<p>[\/et_pb_accordion_item][et_pb_accordion_item title=&#8220;Siegerehrung&#8220; open_toggle_text_color=&#8220;#000000&#8243; open_toggle_background_color=&#8220;#FFFFFF&#8220; closed_toggle_text_color=&#8220;#FFFFFF&#8220; closed_toggle_background_color=&#8220;#E02B20&#8243; _builder_version=&#8220;4.27.4&#8243; _module_preset=&#8220;default&#8220; body_text_color=&#8220;#000000&#8243; body_font_size=&#8220;18px&#8220; global_colors_info=&#8220;{}&#8220; toggle_text_color=&#8220;#FFFFFF&#8220; toggle_font_size=&#8220;20px&#8220; open=&#8220;off&#8220;]<\/p>\n<p><img loading=\"lazy\" decoding=\"async\" src=\"https:\/\/3laenderlauf.org\/wp-content\/uploads\/2025\/09\/ca_nb-1-300x139.jpg\" width=\"300\" height=\"139\" alt=\"\" class=\"wp-image-35414 alignnone size-medium\" \/><\/p>\n<p>Auf dem Marktplatz um 12.00 Uhr.<\/p>\n<p>[\/et_pb_accordion_item][et_pb_accordion_item title=&#8220;Massage&#8220; open_toggle_text_color=&#8220;#000000&#8243; open_toggle_background_color=&#8220;#FFFFFF&#8220; closed_toggle_background_color=&#8220;#E02B20&#8243; _builder_version=&#8220;4.27.4&#8243; _module_preset=&#8220;default&#8220; body_text_color=&#8220;#000000&#8243; body_font_size=&#8220;18px&#8220; global_colors_info=&#8220;{}&#8220; toggle_text_color=&#8220;#FFFFFF&#8220; toggle_font_size=&#8220;20px&#8220; open=&#8220;off&#8220;]<\/p>\n<p><img loading=\"lazy\" decoding=\"async\" src=\"https:\/\/3laenderlauf.org\/wp-content\/uploads\/2025\/09\/ca_nb-1-300x139.jpg\" width=\"300\" height=\"139\" alt=\"\" class=\"wp-image-35414 alignnone size-medium\" \/><\/p>\n<p>Auf dem Marktplatz im Crossklinik-Zelt und in der Turnhalle Rittergasse.<\/p>\n<p>[\/et_pb_accordion_item][et_pb_accordion_item title=&#8220;Diplom&#8220; open_toggle_text_color=&#8220;#000000&#8243; open_toggle_background_color=&#8220;#FFFFFF&#8220; closed_toggle_background_color=&#8220;#E02B20&#8243; _builder_version=&#8220;4.27.4&#8243; _module_preset=&#8220;default&#8220; body_text_color=&#8220;#000000&#8243; body_font_size=&#8220;18px&#8220; global_colors_info=&#8220;{}&#8220; toggle_text_color=&#8220;#FFFFFF&#8220; toggle_font_size=&#8220;20px&#8220; open=&#8220;off&#8220;]<\/p>\n<p><img loading=\"lazy\" decoding=\"async\" src=\"https:\/\/3laenderlauf.org\/wp-content\/uploads\/2025\/09\/ca_nb-1-300x139.jpg\" width=\"300\" height=\"139\" alt=\"\" class=\"wp-image-35414 alignnone size-medium\" \/><\/p>\n<p>Nach dem Lauf, bei Datasport zum herunterladen.<\/p>\n<p>[\/et_pb_accordion_item][et_pb_accordion_item title=&#8220;Zielschluss&#8220; open_toggle_background_color=&#8220;#FFFFFF&#8220; closed_toggle_text_color=&#8220;#FFFFFF&#8220; closed_toggle_background_color=&#8220;#E02B20&#8243; _builder_version=&#8220;4.27.4&#8243; _module_preset=&#8220;default&#8220; body_text_color=&#8220;#000000&#8243; body_font_size=&#8220;18px&#8220; global_colors_info=&#8220;{}&#8220; toggle_text_color=&#8220;#000000&#8243; toggle_font_size=&#8220;20px&#8220; open=&#8220;off&#8220;]<\/p>\n<p><img loading=\"lazy\" decoding=\"async\" src=\"https:\/\/3laenderlauf.org\/wp-content\/uploads\/2025\/09\/ca_nb-1-300x139.jpg\" width=\"300\" height=\"139\" alt=\"\" class=\"wp-image-35414 alignnone size-medium\" \/><\/p>\n<p>Zeitlimit beim 10Km-Lauf =&gt; 2 Stunden.<\/p>\n<p>Das &#8222;Besen-Velo&#8220; schliesst den offiziellen Lauf.<\/p>\n<p>[\/et_pb_accordion_item][et_pb_accordion_item title=&#8220;Kategorien und Startgeld&#8220; open_toggle_text_color=&#8220;#000000&#8243; open_toggle_background_color=&#8220;#FFFFFF&#8220; closed_toggle_background_color=&#8220;#E02B20&#8243; _builder_version=&#8220;4.27.4&#8243; _module_preset=&#8220;default&#8220; global_colors_info=&#8220;{}&#8220; toggle_text_color=&#8220;#FFFFFF&#8220; toggle_font_size=&#8220;20px&#8220; open=&#8220;off&#8220;]<\/p>\n<h2 id=\"tablepress-9-name\" class=\"tablepress-table-name tablepress-table-name-id-9\">Kategorien 2026 > 10km<\/h2>\n\n<table id=\"tablepress-9\" class=\"tablepress tablepress-id-9\" aria-labelledby=\"tablepress-9-name\">\n<thead>\n<tr class=\"row-1\">\n\t<th class=\"column-1\">Kategorien<br \/>\nCat\u00e9gories<\/th><th class=\"column-2\">Jahrg\u00e4nge<br \/>\nN\u00e9s en<\/th><th class=\"column-3\">Startzeit<br \/>\nD\u00e9part \u00e0<\/th><th class=\"column-4\">Strecke<br \/>\nDistance<\/th><th class=\"column-5\">Startgeld<br \/>\nbis 28.02.2026<\/th><th class=\"column-6\">Startgeld<br \/>\n01.03.2026 bis 30.04.2026<\/th><th class=\"column-7\">Startgeld<br \/>\n01.05.2026 bis 17.05.2026<\/th>\n<\/tr>\n<\/thead>\n<tbody class=\"row-striping row-hover\">\n<tr class=\"row-2\">\n\t<td class=\"column-1\">10M10\/10F10<\/td><td class=\"column-2\">2007 - 2010<\/td><td class=\"column-3\">9:10<\/td><td class=\"column-4\">10,0 Km<\/td><td class=\"column-5\">CHF 40<\/td><td class=\"column-6\">CHF 45<\/td><td class=\"column-7\">CHF 50<\/td>\n<\/tr>\n<tr class=\"row-3\">\n\t<td class=\"column-1\">10M20\/10F20<\/td><td class=\"column-2\">1997 - 2006<\/td><td class=\"column-3\">9:10<\/td><td class=\"column-4\">10,0 Km<\/td><td class=\"column-5\">CHF 40<\/td><td class=\"column-6\">CHF 45<\/td><td class=\"column-7\">CHF 50<\/td>\n<\/tr>\n<tr class=\"row-4\">\n\t<td class=\"column-1\">10M30\/10F30<\/td><td class=\"column-2\">1987 - 1996<\/td><td class=\"column-3\">9:10<\/td><td class=\"column-4\">10,0 Km<\/td><td class=\"column-5\">CHF 40<\/td><td class=\"column-6\">CHF 45<\/td><td class=\"column-7\">CHF 50<\/td>\n<\/tr>\n<tr class=\"row-5\">\n\t<td class=\"column-1\">10M40\/10F40<\/td><td class=\"column-2\">1977 - 1986<\/td><td class=\"column-3\">9:10<\/td><td class=\"column-4\">10,0 Km<\/td><td class=\"column-5\">CHF 40<\/td><td class=\"column-6\">CHF 45<\/td><td class=\"column-7\">CHF 50<\/td>\n<\/tr>\n<tr class=\"row-6\">\n\t<td class=\"column-1\">10M50\/10F50<\/td><td class=\"column-2\">1967 - 1976<\/td><td class=\"column-3\">9:10<\/td><td class=\"column-4\">10,0 Km<\/td><td class=\"column-5\">CHF 40<\/td><td class=\"column-6\">CHF 45<\/td><td class=\"column-7\">CHF 50<\/td>\n<\/tr>\n<tr class=\"row-7\">\n\t<td class=\"column-1\">10M60\/10F60<\/td><td class=\"column-2\">1957 - 1966<\/td><td class=\"column-3\">9:10<\/td><td class=\"column-4\">10,0 Km<\/td><td class=\"column-5\">CHF 40<\/td><td class=\"column-6\">CHF 45<\/td><td class=\"column-7\">CHF 50<\/td>\n<\/tr>\n<tr class=\"row-8\">\n\t<td class=\"column-1\">10M70\/10F70<\/td><td class=\"column-2\">1956 &amp; -<\/td><td class=\"column-3\">9:10<\/td><td class=\"column-4\">10,0 Km<\/td><td class=\"column-5\">CHF 40<\/td><td class=\"column-6\">CHF 45<\/td><td class=\"column-7\">CHF 50<\/td>\n<\/tr>\n<\/tbody>\n<\/table>\n<!-- #tablepress-9 from cache -->\n<p>[\/et_pb_accordion_item][et_pb_accordion_item title=&#8220;Im Startgeld inbegriffen&#8220; open_toggle_text_color=&#8220;#000000&#8243; open_toggle_background_color=&#8220;#FFFFFF&#8220; closed_toggle_background_color=&#8220;#E02B20&#8243; _builder_version=&#8220;4.27.4&#8243; _module_preset=&#8220;default&#8220; body_text_color=&#8220;#000000&#8243; body_font_size=&#8220;18px&#8220; global_colors_info=&#8220;{}&#8220; toggle_text_color=&#8220;#FFFFFF&#8220; toggle_font_size=&#8220;20px&#8220; open=&#8220;off&#8220;]<\/p>\n<p><img loading=\"lazy\" decoding=\"async\" src=\"https:\/\/3laenderlauf.org\/wp-content\/uploads\/2025\/09\/ca_nb-1-300x139.jpg\" width=\"300\" height=\"139\" alt=\"\" class=\"wp-image-35414 alignnone size-medium\" \/><\/p>\n<ul>\n<li>Start mit Starter-Bag und personalisierter Startnummer<\/li>\n<li>Finisher-T-Shirt<\/li>\n<li>Finisher-Medaille<\/li>\n<li>Elektronische Zeitmessung mit Chip<\/li>\n<li>Rangliste im Internet<\/li>\n<li>Zeitmessung mit Echtzeit.<\/li>\n<li>Verpflegungsstellen<\/li>\n<li>Erste-Hilfe-Posten<\/li>\n<li>Massage-Service<\/li>\n<li>Duschen<\/li>\n<li>Garderobe und Aufbewahrung von Wertsachen<\/li>\n<li>Kostenloser SMS-Service<\/li>\n<li>Urkunde zum Herunterladen<\/li>\n<li>Musikgruppen auf der Strecke<\/li>\n<li>Pacemaker bei 10 km: 55 mn \/ 1:10<br \/>&#8212;&#8212;&#8212;&#8212;&#8212;&#8212;&#8212;<br \/>Fotos (Finisher) auf <a href=\"http:\/\/www.alphafoto.com\" target=\"_blank\" rel=\"noopener\">www.alphafoto.com<\/a><\/li>\n<\/ul>\n<p>&nbsp;<\/p>\n<p>[\/et_pb_accordion_item][et_pb_accordion_item title=&#8220;Gratis Anreise&#8220; open_toggle_text_color=&#8220;#000000&#8243; open_toggle_background_color=&#8220;#FFFFFF&#8220; closed_toggle_background_color=&#8220;#E02B20&#8243; _builder_version=&#8220;4.27.4&#8243; _module_preset=&#8220;default&#8220; body_text_color=&#8220;#000000&#8243; body_font_size=&#8220;18px&#8220; link_option_url_new_window=&#8220;on&#8220; global_colors_info=&#8220;{}&#8220; toggle_text_color=&#8220;#FFFFFF&#8220; toggle_font_size=&#8220;20px&#8220; open=&#8220;off&#8220;]<\/p>\n<p><img loading=\"lazy\" decoding=\"async\" src=\"https:\/\/3laenderlauf.org\/wp-content\/uploads\/2025\/09\/ca_nb-1-300x139.jpg\" width=\"300\" height=\"139\" alt=\"\" class=\"wp-image-35414 alignnone size-medium\" \/><\/p>\n<p>Eine Woche vor dem Lauf erhalten alle Angemeldeten per Mail von Datasport ein Gratis-Ticket f\u00fcr den Nahverkehr.<\/p>\n<p>[\/et_pb_accordion_item][\/et_pb_accordion][\/et_pb_column][\/et_pb_row][\/et_pb_section]<\/p>\n","protected":false},"excerpt":{"rendered":"<p>Start um 9.10 Uhr Start und Ziel: Marktplatz, Massenstart Die pers\u00f6nlichen Startnummern werden rund 10 Tage vor dem Lauf per Post an alle Schweizer Adressen versendet.Bitte beachte: In Einzelf\u00e4llen kann es vorkommen, dass Startnummern nicht zugestellt werden k\u00f6nnen \u2013 beispielsweise aufgrund unvollst\u00e4ndiger oder fehlerhafter Adressangaben. Teilnehmende, deren Startnummer nicht per Post zugestellt werden konnte, k\u00f6nnen [&hellip;]<\/p>\n","protected":false},"author":1,"featured_media":0,"parent":0,"menu_order":0,"comment_status":"closed","ping_status":"closed","template":"","meta":{"_et_pb_use_builder":"on","_et_pb_old_content":"","_et_gb_content_width":"","footnotes":""},"class_list":["post-34554","page","type-page","status-publish","hentry"],"_links":{"self":[{"href":"https:\/\/3laenderlauf.org\/index.php?rest_route=\/wp\/v2\/pages\/34554","targetHints":{"allow":["GET"]}}],"collection":[{"href":"https:\/\/3laenderlauf.org\/index.php?rest_route=\/wp\/v2\/pages"}],"about":[{"href":"https:\/\/3laenderlauf.org\/index.php?rest_route=\/wp\/v2\/types\/page"}],"author":[{"embeddable":true,"href":"https:\/\/3laenderlauf.org\/index.php?rest_route=\/wp\/v2\/users\/1"}],"replies":[{"embeddable":true,"href":"https:\/\/3laenderlauf.org\/index.php?rest_route=%2Fwp%2Fv2%2Fcomments&post=34554"}],"version-history":[{"count":40,"href":"https:\/\/3laenderlauf.org\/index.php?rest_route=\/wp\/v2\/pages\/34554\/revisions"}],"predecessor-version":[{"id":36537,"href":"https:\/\/3laenderlauf.org\/index.php?rest_route=\/wp\/v2\/pages\/34554\/revisions\/36537"}],"wp:attachment":[{"href":"https:\/\/3laenderlauf.org\/index.php?rest_route=%2Fwp%2Fv2%2Fmedia&parent=34554"}],"curies":[{"name":"wp","href":"https:\/\/api.w.org\/{rel}","templated":true}]}}