{"id":34665,"date":"2024-10-04T17:07:53","date_gmt":"2024-10-04T15:07:53","guid":{"rendered":"https:\/\/3laenderlauf.org\/?page_id=34665"},"modified":"2025-12-01T19:23:46","modified_gmt":"2025-12-01T18:23:46","slug":"mehr-informationen","status":"publish","type":"page","link":"https:\/\/3laenderlauf.org\/?page_id=34665&lang=de","title":{"rendered":"Informations compl\u00e9mentaires All"},"content":{"rendered":"<p>[et_pb_section fb_built=&#8220;1&#8243; _builder_version=&#8220;4.27.0&#8243; _module_preset=&#8220;default&#8220; collapsed=&#8220;off&#8220; global_colors_info=&#8220;{}&#8220;][et_pb_row _builder_version=&#8220;4.27.0&#8243; _module_preset=&#8220;default&#8220; global_colors_info=&#8220;{}&#8220;][et_pb_column type=&#8220;4_4&#8243; _builder_version=&#8220;4.27.0&#8243; _module_preset=&#8220;default&#8220; global_colors_info=&#8220;{}&#8220;][et_pb_text _builder_version=&#8220;4.27.4&#8243; _module_preset=&#8220;default&#8220; text_font=&#8220;||||||||&#8220; text_font_size=&#8220;35px&#8220; text_letter_spacing=&#8220;5px&#8220; text_text_shadow_style=&#8220;preset1&#8243; global_colors_info=&#8220;{}&#8220;]<\/p>\n<p style=\"text-align: center;\">Informationen f\u00fcr alle L\u00e4ufe<\/p>\n<p style=\"text-align: center;\">[\/et_pb_text][et_pb_text _builder_version=&#8220;4.27.4&#8243; _module_preset=&#8220;default&#8220; text_font=&#8220;||||||||&#8220; text_font_size=&#8220;20px&#8220; global_colors_info=&#8220;{}&#8220;][\/et_pb_text][et_pb_text _builder_version=&#8220;4.27.4&#8243; _module_preset=&#8220;default&#8220; text_font=&#8220;||||||||&#8220; text_font_size=&#8220;31px&#8220; global_colors_info=&#8220;{}&#8220;]<\/p>\n<p style=\"text-align: left;\">Anreise mit dem Auto:<\/p>\n<p>[\/et_pb_text][et_pb_text _builder_version=&#8220;4.27.4&#8243; _module_preset=&#8220;default&#8220; text_font=&#8220;||||||||&#8220; text_font_size=&#8220;20px&#8220; global_colors_info=&#8220;{}&#8220;]<\/p>\n<p style=\"text-align: left;\">Die Parkh\u00e4user \u201eStorchen\u201d und \u201eBasel City\u201d (Universit\u00e4tsspital Basel) befinden sich nur wenige<br \/>Gehminuten vom Marktplatz entfernt.<\/p>\n<p style=\"text-align: left;\">\n<p>[\/et_pb_text][et_pb_divider color=&#8220;#000000&#8243; divider_style=&#8220;dashed&#8220; divider_weight=&#8220;3px&#8220; _builder_version=&#8220;4.27.0&#8243; _module_preset=&#8220;default&#8220; global_colors_info=&#8220;{}&#8220;][\/et_pb_divider][et_pb_text _builder_version=&#8220;4.27.4&#8243; _module_preset=&#8220;default&#8220; text_font=&#8220;||||||||&#8220; text_font_size=&#8220;31px&#8220; global_colors_info=&#8220;{}&#8220;]<\/p>\n<p style=\"text-align: left;\">Netzstrecken-Plan f\u00fcr das Gratis-Ticket im Nahverkehr<\/p>\n<p>[\/et_pb_text][\/et_pb_column][\/et_pb_row][et_pb_row _builder_version=&#8220;4.27.4&#8243; _module_preset=&#8220;default&#8220; global_colors_info=&#8220;{}&#8220;][et_pb_column type=&#8220;4_4&#8243; _builder_version=&#8220;4.27.0&#8243; _module_preset=&#8220;default&#8220; global_colors_info=&#8220;{}&#8220;][et_pb_text _builder_version=&#8220;4.27.4&#8243; _module_preset=&#8220;default&#8220; text_text_color=&#8220;#000000&#8243; text_font_size=&#8220;20px&#8220; min_height=&#8220;105.2px&#8220; global_colors_info=&#8220;{}&#8220;]<\/p>\n<p>Alle L\u00e4ufer erhalten per Mail von Datasport ein Gratis-Ticket f\u00fcr den Nahverkehr (siehe<br \/>untenstehenden Plan).<br \/>Das Ticket wird ca. 1 Woche vor dem Lauf verschickt, bitte auch im Spam-Ordner kontrollieren.<\/p>\n<p>[\/et_pb_text][\/et_pb_column][\/et_pb_row][et_pb_row _builder_version=&#8220;4.27.0&#8243; _module_preset=&#8220;default&#8220; global_colors_info=&#8220;{}&#8220;][et_pb_column type=&#8220;4_4&#8243; _builder_version=&#8220;4.27.0&#8243; _module_preset=&#8220;default&#8220; global_colors_info=&#8220;{}&#8220;][et_pb_image src=&#8220;https:\/\/3laenderlauf.org\/wp-content\/uploads\/2024\/09\/RVL-Tarifnetz_RVL_RegioCard-Plus_C.png&#8220; title_text=&#8220;RVL-Tarifnetz_RVL_RegioCard-Plus_C&#8220; _builder_version=&#8220;4.27.0&#8243; _module_preset=&#8220;default&#8220; global_colors_info=&#8220;{}&#8220;][\/et_pb_image][et_pb_text _builder_version=&#8220;4.27.0&#8243; _module_preset=&#8220;default&#8220; text_font=&#8220;||||||||&#8220; text_font_size=&#8220;20px&#8220; link_option_url=&#8220;https:\/\/www.tnw.ch\/assets\/files\/content\/Plan-RVL-Abo-G%C3%BCltigkeit-ab-15.-Dez.-2019-inkl.-Zonen-10-40.pdf&#8220; link_option_url_new_window=&#8220;on&#8220; global_colors_info=&#8220;{}&#8220;]<\/p>\n<p style=\"text-align: left;\">Hier zum Herunterladen<\/p>\n<p style=\"text-align: left;\">[\/et_pb_text][et_pb_divider color=&#8220;#000000&#8243; divider_style=&#8220;dashed&#8220; divider_weight=&#8220;3px&#8220; _builder_version=&#8220;4.27.0&#8243; _module_preset=&#8220;default&#8220; global_colors_info=&#8220;{}&#8220;][\/et_pb_divider][et_pb_text _builder_version=&#8220;4.27.4&#8243; _module_preset=&#8220;default&#8220; text_font=&#8220;||||||||&#8220; text_font_size=&#8220;31px&#8220; custom_padding=&#8220;8px|||||&#8220; global_colors_info=&#8220;{}&#8220;]<\/p>\n<p style=\"text-align: left;\">Streckenplan 2026<\/p>\n<p style=\"text-align: left;\">\n<p>[\/et_pb_text][\/et_pb_column][\/et_pb_row][et_pb_row _builder_version=&#8220;4.27.0&#8243; _module_preset=&#8220;default&#8220; global_colors_info=&#8220;{}&#8220;][et_pb_column type=&#8220;4_4&#8243; _builder_version=&#8220;4.27.0&#8243; _module_preset=&#8220;default&#8220; global_colors_info=&#8220;{}&#8220;][et_pb_image src=&#8220;https:\/\/3laenderlauf.org\/wp-content\/uploads\/2025\/12\/Parcours-2026-3LLw.jpg&#8220; title_text=&#8220;Parcours-2023-3LL&#8220; _builder_version=&#8220;4.27.4&#8243; _module_preset=&#8220;default&#8220; hover_enabled=&#8220;0&#8243; global_colors_info=&#8220;{}&#8220; sticky_enabled=&#8220;0&#8243;][\/et_pb_image][\/et_pb_column][\/et_pb_row][et_pb_row _builder_version=&#8220;4.27.0&#8243; _module_preset=&#8220;default&#8220; global_colors_info=&#8220;{}&#8220;][et_pb_column type=&#8220;4_4&#8243; _builder_version=&#8220;4.27.0&#8243; _module_preset=&#8220;default&#8220; global_colors_info=&#8220;{}&#8220;][et_pb_text _builder_version=&#8220;4.27.4&#8243; _module_preset=&#8220;default&#8220; text_font=&#8220;||||||||&#8220; text_font_size=&#8220;31px&#8220; global_colors_info=&#8220;{}&#8220;]<\/p>\n<p style=\"text-align: left;\">Verpflegungs-Posten :<\/p>\n<p>[\/et_pb_text][\/et_pb_column][\/et_pb_row][et_pb_row _builder_version=&#8220;4.27.2&#8243; _module_preset=&#8220;default&#8220; global_colors_info=&#8220;{}&#8220;][et_pb_column type=&#8220;4_4&#8243; _builder_version=&#8220;4.27.2&#8243; _module_preset=&#8220;default&#8220; global_colors_info=&#8220;{}&#8220;][et_pb_image src=&#8220;https:\/\/3laenderlauf.org\/wp-content\/uploads\/2024\/10\/ravitaillements.jpg&#8220; title_text=&#8220;ravitaillements&#8220; align=&#8220;center&#8220; _builder_version=&#8220;4.27.2&#8243; _module_preset=&#8220;default&#8220; width=&#8220;17%&#8220; global_colors_info=&#8220;{}&#8220;][\/et_pb_image][et_pb_divider color=&#8220;#000000&#8243; divider_style=&#8220;dashed&#8220; divider_weight=&#8220;3px&#8220; _builder_version=&#8220;4.27.0&#8243; _module_preset=&#8220;default&#8220; global_colors_info=&#8220;{}&#8220;][\/et_pb_divider][\/et_pb_column][\/et_pb_row][et_pb_row _builder_version=&#8220;4.27.2&#8243; _module_preset=&#8220;default&#8220; locked=&#8220;off&#8220; global_colors_info=&#8220;{}&#8220;][et_pb_column type=&#8220;4_4&#8243; _builder_version=&#8220;4.27.2&#8243; _module_preset=&#8220;default&#8220; global_colors_info=&#8220;{}&#8220;][et_pb_text _builder_version=&#8220;4.27.4&#8243; _module_preset=&#8220;default&#8220; text_font=&#8220;||||||||&#8220; text_font_size=&#8220;31px&#8220; global_colors_info=&#8220;{}&#8220;]<\/p>\n<p style=\"text-align: left;\">Standorte der Verpflegungsposten:<\/p>\n<p>[\/et_pb_text][et_pb_text _builder_version=&#8220;4.27.4&#8243; _module_preset=&#8220;default&#8220; text_font_size=&#8220;18px&#8220; global_colors_info=&#8220;{}&#8220;]<\/p>\n<p><strong>10 km<\/strong><\/p>\n<ul>\n<li>4 km<\/li>\n<li>Ziel \/ arriv\u00e9e<\/li>\n<\/ul>\n<p><strong>\u00bd Marathon<\/strong><\/p>\n<ul>\n<li>5 km<\/li>\n<li>8,4 km<\/li>\n<li>13,2 km<\/li>\n<li>17,2 km<\/li>\n<li>Ziel \/ arriv\u00e9e<\/li>\n<\/ul>\n<p><strong>Marathon<\/strong><\/p>\n<ul>\n<li>5 \/ 26 km<\/li>\n<li>8,4 \/ 29,4 km<\/li>\n<li>13,2 \/ 28,3 km<\/li>\n<li>17,2 \/ 38,3 km<\/li>\n<li>Ziel \/ arriv\u00e9e<\/li>\n<\/ul>\n<p>[\/et_pb_text][et_pb_divider color=&#8220;#000000&#8243; divider_style=&#8220;dashed&#8220; divider_weight=&#8220;3px&#8220; _builder_version=&#8220;4.27.0&#8243; _module_preset=&#8220;default&#8220; global_colors_info=&#8220;{}&#8220;][\/et_pb_divider][\/et_pb_column][\/et_pb_row][\/et_pb_section]<\/p>\n","protected":false},"excerpt":{"rendered":"<p>Informationen f\u00fcr alle L\u00e4ufe Anreise mit dem Auto:Die Parkh\u00e4user \u201eStorchen\u201d und \u201eBasel City\u201d (Universit\u00e4tsspital Basel) befinden sich nur wenigeGehminuten vom Marktplatz entfernt. Netzstrecken-Plan f\u00fcr das Gratis-Ticket im NahverkehrAlle L\u00e4ufer erhalten per Mail von Datasport ein Gratis-Ticket f\u00fcr den Nahverkehr (sieheuntenstehenden Plan).Das Ticket wird ca. 1 Woche vor dem Lauf verschickt, bitte auch im Spam-Ordner kontrollieren.Hier [&hellip;]<\/p>\n","protected":false},"author":1,"featured_media":0,"parent":0,"menu_order":0,"comment_status":"closed","ping_status":"closed","template":"","meta":{"_et_pb_use_builder":"on","_et_pb_old_content":"","_et_gb_content_width":"","footnotes":""},"class_list":["post-34665","page","type-page","status-publish","hentry"],"_links":{"self":[{"href":"https:\/\/3laenderlauf.org\/index.php?rest_route=\/wp\/v2\/pages\/34665","targetHints":{"allow":["GET"]}}],"collection":[{"href":"https:\/\/3laenderlauf.org\/index.php?rest_route=\/wp\/v2\/pages"}],"about":[{"href":"https:\/\/3laenderlauf.org\/index.php?rest_route=\/wp\/v2\/types\/page"}],"author":[{"embeddable":true,"href":"https:\/\/3laenderlauf.org\/index.php?rest_route=\/wp\/v2\/users\/1"}],"replies":[{"embeddable":true,"href":"https:\/\/3laenderlauf.org\/index.php?rest_route=%2Fwp%2Fv2%2Fcomments&post=34665"}],"version-history":[{"count":31,"href":"https:\/\/3laenderlauf.org\/index.php?rest_route=\/wp\/v2\/pages\/34665\/revisions"}],"predecessor-version":[{"id":36364,"href":"https:\/\/3laenderlauf.org\/index.php?rest_route=\/wp\/v2\/pages\/34665\/revisions\/36364"}],"wp:attachment":[{"href":"https:\/\/3laenderlauf.org\/index.php?rest_route=%2Fwp%2Fv2%2Fmedia&parent=34665"}],"curies":[{"name":"wp","href":"https:\/\/api.w.org\/{rel}","templated":true}]}}