{"id":34822,"date":"2024-10-05T17:44:57","date_gmt":"2024-10-05T15:44:57","guid":{"rendered":"https:\/\/3laenderlauf.org\/?page_id=34822"},"modified":"2025-12-01T19:24:57","modified_gmt":"2025-12-01T18:24:57","slug":"informations-complementaires","status":"publish","type":"page","link":"https:\/\/3laenderlauf.org\/?page_id=34822&lang=fr","title":{"rendered":"Informations Compl\u00e9mentaires Fr"},"content":{"rendered":"<p>[et_pb_section fb_built=&#8220;1&#8243; _builder_version=&#8220;4.27.0&#8243; _module_preset=&#8220;default&#8220; collapsed=&#8220;off&#8220; global_colors_info=&#8220;{}&#8220;][et_pb_row _builder_version=&#8220;4.27.0&#8243; _module_preset=&#8220;default&#8220; global_colors_info=&#8220;{}&#8220;][et_pb_column type=&#8220;4_4&#8243; _builder_version=&#8220;4.27.0&#8243; _module_preset=&#8220;default&#8220; global_colors_info=&#8220;{}&#8220;][et_pb_text _builder_version=&#8220;4.27.4&#8243; _module_preset=&#8220;default&#8220; text_font=&#8220;|600|||||||&#8220; text_font_size=&#8220;35px&#8220; text_letter_spacing=&#8220;3px&#8220; text_text_shadow_style=&#8220;preset1&#8243; global_colors_info=&#8220;{}&#8220;]<\/p>\n<p style=\"text-align: center;\">Informations pour l&#8217;ensemble des courses.<\/p>\n<p style=\"text-align: center;\">[\/et_pb_text][et_pb_text _builder_version=&#8220;4.27.2&#8243; _module_preset=&#8220;default&#8220; text_font=&#8220;||||||||&#8220; text_font_size=&#8220;20px&#8220; global_colors_info=&#8220;{}&#8220;][\/et_pb_text][et_pb_divider color=&#8220;#000000&#8243; divider_style=&#8220;dashed&#8220; divider_weight=&#8220;3px&#8220; _builder_version=&#8220;4.27.0&#8243; _module_preset=&#8220;default&#8220; global_colors_info=&#8220;{}&#8220;][\/et_pb_divider][et_pb_text _builder_version=&#8220;4.27.4&#8243; _module_preset=&#8220;default&#8220; text_font=&#8220;||||||||&#8220; text_font_size=&#8220;31px&#8220; global_colors_info=&#8220;{}&#8220;]<\/p>\n<p style=\"text-align: left;\">Rejoindre le d\u00e9part en voiture<\/p>\n<p>[\/et_pb_text][et_pb_text _builder_version=&#8220;4.27.4&#8243; _module_preset=&#8220;default&#8220; text_font=&#8220;||||||||&#8220; text_font_size=&#8220;20px&#8220; global_colors_info=&#8220;{}&#8220;]<\/p>\n<p style=\"text-align: left;\">Les parkings couverts &#8222;Storchen&#8220; et &#8222;Basel City&#8220; se trouvent pr\u00e8s du d\u00e9part.<\/p>\n<p style=\"text-align: left;\">La vignette suisse est une vignette autorouti\u00e8re. En passant par la ville de B\u00e2le, elle n&#8217;est pas n\u00e9cessaire.<\/p>\n<p style=\"text-align: left;\">[\/et_pb_text][et_pb_divider color=&#8220;#000000&#8243; divider_style=&#8220;dashed&#8220; divider_weight=&#8220;3px&#8220; _builder_version=&#8220;4.27.0&#8243; _module_preset=&#8220;default&#8220; global_colors_info=&#8220;{}&#8220;][\/et_pb_divider][et_pb_text _builder_version=&#8220;4.27.4&#8243; _module_preset=&#8220;default&#8220; text_font=&#8220;||||||||&#8220; text_font_size=&#8220;31px&#8220; global_colors_info=&#8220;{}&#8220;]<\/p>\n<h3 style=\"text-align: left;\">Plan des r\u00e9seaux de transports publics (r\u00e9seaux locaux) sur lesquels le billet gratuit est valable<\/h3>\n<p>[\/et_pb_text][\/et_pb_column][\/et_pb_row][et_pb_row _builder_version=&#8220;4.27.0&#8243; _module_preset=&#8220;default&#8220; global_colors_info=&#8220;{}&#8220;][et_pb_column type=&#8220;4_4&#8243; _builder_version=&#8220;4.27.0&#8243; _module_preset=&#8220;default&#8220; global_colors_info=&#8220;{}&#8220;][et_pb_text _builder_version=&#8220;4.27.2&#8243; _module_preset=&#8220;default&#8220; text_text_color=&#8220;#000000&#8243; text_font_size=&#8220;20px&#8220; global_colors_info=&#8220;{}&#8220;]<\/p>\n<p>Tous les coureurs inscrits re\u00e7oivent par e-mail de Datasport un ticket gratuit valable sur ces r\u00e9seaux. Ce ticket sera envoy\u00e9 environ une semaine avant la course (merci de consulter le dossier spam&#8230;).<\/p>\n<p>[\/et_pb_text][\/et_pb_column][\/et_pb_row][et_pb_row _builder_version=&#8220;4.27.0&#8243; _module_preset=&#8220;default&#8220; global_colors_info=&#8220;{}&#8220;][et_pb_column type=&#8220;4_4&#8243; _builder_version=&#8220;4.27.0&#8243; _module_preset=&#8220;default&#8220; global_colors_info=&#8220;{}&#8220;][et_pb_image src=&#8220;https:\/\/3laenderlauf.org\/wp-content\/uploads\/2024\/09\/RVL-Tarifnetz_RVL_RegioCard-Plus_C.png&#8220; title_text=&#8220;RVL-Tarifnetz_RVL_RegioCard-Plus_C&#8220; _builder_version=&#8220;4.27.0&#8243; _module_preset=&#8220;_initial&#8220; global_colors_info=&#8220;{}&#8220;][\/et_pb_image][et_pb_text _builder_version=&#8220;4.27.2&#8243; _module_preset=&#8220;default&#8220; text_font=&#8220;||||||||&#8220; text_font_size=&#8220;20px&#8220; link_option_url=&#8220;https:\/\/www.tnw.ch\/assets\/files\/content\/Plan-RVL-Abo-G%C3%BCltigkeit-ab-15.-Dez.-2019-inkl.-Zonen-10-40.pdf&#8220; link_option_url_new_window=&#8220;on&#8220; global_colors_info=&#8220;{}&#8220;]<\/p>\n<p style=\"text-align: left;\">T\u00e9l\u00e9chargement<\/p>\n<p style=\"text-align: left;\">[\/et_pb_text][et_pb_divider color=&#8220;#000000&#8243; divider_style=&#8220;dashed&#8220; divider_weight=&#8220;3px&#8220; _builder_version=&#8220;4.27.0&#8243; _module_preset=&#8220;default&#8220; global_colors_info=&#8220;{}&#8220;][\/et_pb_divider][et_pb_text _builder_version=&#8220;4.27.4&#8243; _module_preset=&#8220;default&#8220; text_font=&#8220;||||||||&#8220; text_font_size=&#8220;31px&#8220; global_colors_info=&#8220;{}&#8220;]<\/p>\n<p style=\"text-align: left;\">Plan du parcours\u00a0<\/p>\n<p style=\"text-align: left;\">[\/et_pb_text][\/et_pb_column][\/et_pb_row][et_pb_row _builder_version=&#8220;4.27.4&#8243; _module_preset=&#8220;default&#8220; global_colors_info=&#8220;{}&#8220;][et_pb_column type=&#8220;4_4&#8243; _builder_version=&#8220;4.27.0&#8243; _module_preset=&#8220;default&#8220; global_colors_info=&#8220;{}&#8220;][et_pb_image src=&#8220;https:\/\/3laenderlauf.org\/wp-content\/uploads\/2025\/12\/Parcours-2026-3LLw.jpg&#8220; title_text=&#8220;Parcours-2023-3LL&#8220; _builder_version=&#8220;4.27.4&#8243; _module_preset=&#8220;default&#8220; hover_enabled=&#8220;0&#8243; global_colors_info=&#8220;{}&#8220; sticky_enabled=&#8220;0&#8243;][\/et_pb_image][\/et_pb_column][\/et_pb_row][et_pb_row _builder_version=&#8220;4.27.0&#8243; _module_preset=&#8220;default&#8220; global_colors_info=&#8220;{}&#8220;][et_pb_column type=&#8220;4_4&#8243; _builder_version=&#8220;4.27.0&#8243; _module_preset=&#8220;default&#8220; global_colors_info=&#8220;{}&#8220;][et_pb_text _builder_version=&#8220;4.27.4&#8243; _module_preset=&#8220;default&#8220; text_font=&#8220;||||||||&#8220; text_font_size=&#8220;31px&#8220; global_colors_info=&#8220;{}&#8220;]<\/p>\n<p style=\"text-align: left;\">Disposition des ravitaillements<\/p>\n<p>[\/et_pb_text][\/et_pb_column][\/et_pb_row][et_pb_row _builder_version=&#8220;4.27.2&#8243; _module_preset=&#8220;default&#8220; global_colors_info=&#8220;{}&#8220;][et_pb_column type=&#8220;4_4&#8243; _builder_version=&#8220;4.27.2&#8243; _module_preset=&#8220;default&#8220; global_colors_info=&#8220;{}&#8220;][et_pb_image src=&#8220;https:\/\/3laenderlauf.org\/wp-content\/uploads\/2024\/10\/ravitaillements.jpg&#8220; title_text=&#8220;ravitaillements&#8220; align=&#8220;center&#8220; _builder_version=&#8220;4.27.2&#8243; _module_preset=&#8220;default&#8220; width=&#8220;17%&#8220; global_colors_info=&#8220;{}&#8220;][\/et_pb_image][et_pb_divider color=&#8220;#000000&#8243; divider_style=&#8220;dashed&#8220; divider_weight=&#8220;3px&#8220; _builder_version=&#8220;4.27.0&#8243; _module_preset=&#8220;default&#8220; global_colors_info=&#8220;{}&#8220;][\/et_pb_divider][\/et_pb_column][\/et_pb_row][et_pb_row _builder_version=&#8220;4.27.2&#8243; _module_preset=&#8220;default&#8220; global_colors_info=&#8220;{}&#8220;][et_pb_column type=&#8220;4_4&#8243; _builder_version=&#8220;4.27.2&#8243; _module_preset=&#8220;default&#8220; global_colors_info=&#8220;{}&#8220;][et_pb_text _builder_version=&#8220;4.27.4&#8243; _module_preset=&#8220;default&#8220; text_font=&#8220;||||||||&#8220; text_font_size=&#8220;31px&#8220; global_colors_info=&#8220;{}&#8220;]<\/p>\n<p style=\"text-align: left;\">Emplacement des ravitaillements :<\/p>\n<p>[\/et_pb_text][et_pb_text _builder_version=&#8220;4.27.4&#8243; _module_preset=&#8220;default&#8220; text_font_size=&#8220;18px&#8220; global_colors_info=&#8220;{}&#8220;]<\/p>\n<p><strong>10 km<\/strong><\/p>\n<ul>\n<li>4 km<\/li>\n<li>Ziel \/ arriv\u00e9e<\/li>\n<\/ul>\n<p><strong>\u00bd Marathon<\/strong><\/p>\n<ul>\n<li>5 km<\/li>\n<li>8,4 km<\/li>\n<li>13,2 km<\/li>\n<li>17,2 km<\/li>\n<li>Ziel \/ arriv\u00e9e<\/li>\n<\/ul>\n<p>\u00a0<strong>Marathon<\/strong><\/p>\n<ul>\n<li>5 \/ 26 km<\/li>\n<li>8,4 \/ 29,4 km<\/li>\n<li>13,2 \/ 28,3 km<\/li>\n<li>17,2 \/ 38,3 km<\/li>\n<li>Ziel \/ arriv\u00e9e<\/li>\n<\/ul>\n<p>[\/et_pb_text][et_pb_divider color=&#8220;#000000&#8243; divider_style=&#8220;dashed&#8220; divider_weight=&#8220;3px&#8220; _builder_version=&#8220;4.27.0&#8243; _module_preset=&#8220;default&#8220; global_colors_info=&#8220;{}&#8220;][\/et_pb_divider][\/et_pb_column][\/et_pb_row][\/et_pb_section]<\/p>\n","protected":false},"excerpt":{"rendered":"<p>Informations pour l&#8217;ensemble des courses. Rejoindre le d\u00e9part en voitureLes parkings couverts &#8222;Storchen&#8220; et &#8222;Basel City&#8220; se trouvent pr\u00e8s du d\u00e9part. La vignette suisse est une vignette autorouti\u00e8re. En passant par la ville de B\u00e2le, elle n&#8217;est pas n\u00e9cessaire. Plan des r\u00e9seaux de transports publics (r\u00e9seaux locaux) sur lesquels le billet gratuit est valableTous les [&hellip;]<\/p>\n","protected":false},"author":1,"featured_media":0,"parent":0,"menu_order":0,"comment_status":"closed","ping_status":"closed","template":"","meta":{"_et_pb_use_builder":"on","_et_pb_old_content":"","_et_gb_content_width":"","footnotes":""},"class_list":["post-34822","page","type-page","status-publish","hentry"],"_links":{"self":[{"href":"https:\/\/3laenderlauf.org\/index.php?rest_route=\/wp\/v2\/pages\/34822","targetHints":{"allow":["GET"]}}],"collection":[{"href":"https:\/\/3laenderlauf.org\/index.php?rest_route=\/wp\/v2\/pages"}],"about":[{"href":"https:\/\/3laenderlauf.org\/index.php?rest_route=\/wp\/v2\/types\/page"}],"author":[{"embeddable":true,"href":"https:\/\/3laenderlauf.org\/index.php?rest_route=\/wp\/v2\/users\/1"}],"replies":[{"embeddable":true,"href":"https:\/\/3laenderlauf.org\/index.php?rest_route=%2Fwp%2Fv2%2Fcomments&post=34822"}],"version-history":[{"count":17,"href":"https:\/\/3laenderlauf.org\/index.php?rest_route=\/wp\/v2\/pages\/34822\/revisions"}],"predecessor-version":[{"id":36366,"href":"https:\/\/3laenderlauf.org\/index.php?rest_route=\/wp\/v2\/pages\/34822\/revisions\/36366"}],"wp:attachment":[{"href":"https:\/\/3laenderlauf.org\/index.php?rest_route=%2Fwp%2Fv2%2Fmedia&parent=34822"}],"curies":[{"name":"wp","href":"https:\/\/api.w.org\/{rel}","templated":true}]}}