{"id":37,"date":"2016-08-07T10:57:11","date_gmt":"2016-08-07T08:57:11","guid":{"rendered":"http:\/\/eqcxdlcz.preview.infomaniak.com\/?page_id=37"},"modified":"2026-04-29T10:44:41","modified_gmt":"2026-04-29T08:44:41","slug":"3laenderlauf","status":"publish","type":"page","link":"https:\/\/3laenderlauf.org\/?page_id=37&lang=de","title":{"rendered":"Accueil Allemand"},"content":{"rendered":"<p>[et_pb_section fb_built=&#8220;1&#8243; fullwidth=&#8220;on&#8220; module_class=&#8220;premiere-section-violette&#8220; _builder_version=&#8220;4.27.4&#8243; _module_preset=&#8220;default&#8220; custom_margin=&#8220;0px||||false|false&#8220; custom_padding=&#8220;0px||||false|false&#8220; locked=&#8220;off&#8220; global_colors_info=&#8220;{}&#8220;][et_pb_fullwidth_image src=&#8220;https:\/\/3laenderlauf.org\/wp-content\/uploads\/2025\/06\/entete-site-3LL-w6-de-scaled.jpg&#8220; title_text=&#8220;entete-site-3LL-w6-de&#8220; _builder_version=&#8220;4.27.4&#8243; _module_preset=&#8220;default&#8220; global_colors_info=&#8220;{}&#8220;][\/et_pb_fullwidth_image][\/et_pb_section][et_pb_section fb_built=&#8220;1&#8243; _builder_version=&#8220;4.25.2&#8243; _module_preset=&#8220;default&#8220; locked=&#8220;off&#8220; global_colors_info=&#8220;{}&#8220;][et_pb_row _builder_version=&#8220;4.27.4&#8243; _module_preset=&#8220;default&#8220; global_colors_info=&#8220;{}&#8220;][et_pb_column type=&#8220;4_4&#8243; _builder_version=&#8220;4.27.4&#8243; _module_preset=&#8220;default&#8220; global_colors_info=&#8220;{}&#8220;][et_pb_text _builder_version=&#8220;4.27.4&#8243; _module_preset=&#8220;default&#8220; global_colors_info=&#8220;{}&#8220;]<\/p>\n<h3 style=\"text-align: center;\"><strong>Ummeldungen auf eine andere Person k\u00f6nnen wir aus organisatorischen Gr\u00fcnden nur noch bis Freitag, 1.5. entgegennehmen.<\/strong><\/h3>\n<p style=\"text-align: center;\"><strong>Wer aufgrund Krankheit\/Unfall nicht teilnehmen kann und eine Versicherung abgeschlossen hat, kann sich direkt melden bei:<\/strong><\/p>\n<p style=\"text-align: center;\"><strong><a href=\"http:\/\/www.datasport.com\/ERV\">www.datasport.com\/ERV<\/a><\/strong><\/p>\n<p style=\"text-align: center;\"><strong>Der Wechsel in eine andere Kategorie ist nur noch bis am Dienstag 3. Mai m\u00f6glich.<\/strong><\/p>\n<p style=\"text-align: center;\"><strong>Wir freuen uns, Euch am 17. Mai in Basel begr\u00fcssen zu d\u00fcrfen.<\/strong><\/p>\n<h4 style=\"text-align: center;\"><em>OK-Team Dreil\u00e4nderlauf Basel \u2013 27.4.26<br \/>&#8212;&#8212;&#8212;&#8212;&#8212;&#8212;&#8212;&#8212;&#8212;&#8212;&#8212;&#8212;&#8212;&#8212;&#8212;&#8212;&#8212;&#8212;&#8212;&#8212;&#8212;&#8212;&#8212;&#8212;&#8212;&#8212;&#8212;&#8212;-<\/em><\/h4>\n<p><em><\/em><\/p>\n<p>[\/et_pb_text][\/et_pb_column][\/et_pb_row][et_pb_row _builder_version=&#8220;4.27.0&#8243; _module_preset=&#8220;default&#8220; min_height=&#8220;404.5px&#8220; custom_margin=&#8220;2px|auto||auto||&#8220; global_colors_info=&#8220;{}&#8220;][et_pb_column type=&#8220;4_4&#8243; _builder_version=&#8220;4.25.1&#8243; _module_preset=&#8220;default&#8220; global_colors_info=&#8220;{}&#8220;][et_pb_text _builder_version=&#8220;4.27.4&#8243; _module_preset=&#8220;default&#8220; text_font_size=&#8220;25px&#8220; header_font_size=&#8220;13px&#8220; custom_padding=&#8220;||0px|||&#8220; global_colors_info=&#8220;{}&#8220;]<\/p>\n<p><strong>Wir sind ausverkauft und k\u00f6nnen keine weiteren Startpl\u00e4tze mehr vergeben.<\/strong><br \/><strong>Im weiteren f\u00fchren wir auch keine Wartelisten.<\/strong><\/p>\n<p>Bitte habt Verst\u00e4ndnis daf\u00fcr und sendet uns deswegen keine Mails mehr.<\/p>\n<p>Danke f\u00fcr euer Verst\u00e4ndnis und bis im n\u00e4chsten Jahr 2027<\/p>\n<p>\u00a0OK-Team Dreil\u00e4nderlauf<\/p>\n<h2 style=\"text-align: center;\"><strong>Die Anmeldungen f\u00fcr die Ausgabe 2026 sind geschlossen.<\/strong><\/h2>\n<p>&nbsp;<\/p>\n<p>[\/et_pb_text][et_pb_image src=&#8220;https:\/\/3laenderlauf.org\/wp-content\/uploads\/2025\/05\/Start_Rangliste_DE.png&#8220; title_text=&#8220;Start_Rangliste_DE&#8220; url=&#8220;https:\/\/results.datasport.com\/fr\/anlass\/dreilaender-lauf-2026\/startlist&#8220; url_new_window=&#8220;on&#8220; align=&#8220;center&#8220; _builder_version=&#8220;4.27.4&#8243; _module_preset=&#8220;default&#8220; width=&#8220;77%&#8220; max_width=&#8220;30%&#8220; global_colors_info=&#8220;{}&#8220;][\/et_pb_image][\/et_pb_column][\/et_pb_row][et_pb_row column_structure=&#8220;1_3,1_3,1_3&#8243; _builder_version=&#8220;4.27.4&#8243; _module_preset=&#8220;default&#8220; background_color=&#8220;RGBA(255,255,255,0)&#8220; animation_style=&#8220;fold&#8220; animation_duration=&#8220;300ms&#8220; animation_delay=&#8220;3ms&#8220; global_colors_info=&#8220;{}&#8220;][et_pb_column type=&#8220;1_3&#8243; _builder_version=&#8220;4.25.2&#8243; _dynamic_attributes=&#8220;link_option_url&#8220; _module_preset=&#8220;default&#8220; link_option_url=&#8220;@ET-DC@eyJkeW5hbWljIjp0cnVlLCJjb250ZW50IjoicG9zdF9saW5rX3VybF9wYWdlIiwic2V0dGluZ3MiOnsicG9zdF9pZCI6IjMzOTkzIn19@&#8220; global_colors_info=&#8220;{}&#8220;][et_pb_text _builder_version=&#8220;4.27.4&#8243; _dynamic_attributes=&#8220;link_option_url&#8220; _module_preset=&#8220;default&#8220; background_color=&#8220;rgba(224,153,0,0.47)&#8220; link_option_url=&#8220;@ET-DC@eyJkeW5hbWljIjp0cnVlLCJjb250ZW50IjoicG9zdF9saW5rX3VybF9wYWdlIiwic2V0dGluZ3MiOnsicG9zdF9pZCI6IjMzOTkzIn19@&#8220; border_radii=&#8220;on|20px|20px|20px|20px&#8220; border_width_all=&#8220;2px&#8220; global_colors_info=&#8220;{}&#8220;]<\/p>\n<h2 style=\"text-align: center;\"><strong>Marathon 42,195 km<\/strong><\/h2>\n<h4 style=\"text-align: center;\"><strong>Start um 9.00 Uhr<\/strong><strong><\/strong><\/h4>\n<h4 style=\"text-align: center;\"><strong>80 CHF bis 28.02.2026<\/strong><\/h4>\n<h4 style=\"text-align: center;\"><strong>+ 10 CHF vom 01.03.26 bis 30.04.26<\/strong><\/h4>\n<h4 style=\"text-align: center;\"><strong>+ 20 CHF ab dem 1.05.26<\/strong><\/h4>\n<p><strong><img loading=\"lazy\" decoding=\"async\" src=\"https:\/\/3laenderlauf.org\/wp-content\/uploads\/2025\/11\/logo-DSM-noir-300x39.jpg\" width=\"300\" height=\"39\" alt=\"\" class=\"wp-image-36247 alignnone size-medium\" style=\"display: block; margin-left: auto; margin-right: auto;\" \/><\/strong><\/p>\n<p style=\"text-align: center;\">[\/et_pb_text][\/et_pb_column][et_pb_column type=&#8220;1_3&#8243; _builder_version=&#8220;4.25.2&#8243; _dynamic_attributes=&#8220;link_option_url&#8220; _module_preset=&#8220;default&#8220; link_option_url=&#8220;@ET-DC@eyJkeW5hbWljIjp0cnVlLCJjb250ZW50IjoicG9zdF9saW5rX3VybF9wYWdlIiwic2V0dGluZ3MiOnsicG9zdF9pZCI6IjMzODg0In19@&#8220; global_colors_info=&#8220;{}&#8220;][et_pb_text _builder_version=&#8220;4.27.4&#8243; _dynamic_attributes=&#8220;link_option_url&#8220; _module_preset=&#8220;default&#8220; background_color=&#8220;rgba(224,43,32,0.61)&#8220; link_option_url=&#8220;@ET-DC@eyJkeW5hbWljIjp0cnVlLCJjb250ZW50IjoicG9zdF9saW5rX3VybF9wYWdlIiwic2V0dGluZ3MiOnsicG9zdF9pZCI6IjM0NTU0In19@&#8220; border_radii=&#8220;on|20px|20px|20px|20px&#8220; border_width_all=&#8220;2px&#8220; locked=&#8220;off&#8220; global_colors_info=&#8220;{}&#8220;]<\/p>\n<h2 style=\"text-align: center;\"><strong>10 km<\/strong><\/h2>\n<h4 style=\"text-align: center;\"><strong>Start um\u00a0 9.10 Uhr<\/strong><\/h4>\n<h4 style=\"text-align: center;\"><strong>40 CHF bis 28.02.2026<\/strong><\/h4>\n<h4 style=\"text-align: center;\"><strong>+ 5 CHF vom 01.03.26 bis 30.04.26<\/strong><\/h4>\n<h4 style=\"text-align: center;\"><strong>+ 10 CHF ab 1.05.26<\/strong><strong><\/strong><strong><\/strong><strong><\/strong><\/h4>\n<p style=\"text-align: center;\"><img loading=\"lazy\" decoding=\"async\" src=\"https:\/\/3laenderlauf.org\/wp-content\/uploads\/2025\/09\/ca_nb-1-300x139.jpg\" width=\"155\" height=\"72\" alt=\"\" class=\"wp-image-35414 alignnone size-medium\" \/><\/p>\n<p>[\/et_pb_text][\/et_pb_column][et_pb_column type=&#8220;1_3&#8243; _builder_version=&#8220;4.25.2&#8243; _dynamic_attributes=&#8220;link_option_url&#8220; _module_preset=&#8220;default&#8220; link_option_url=&#8220;@ET-DC@eyJkeW5hbWljIjp0cnVlLCJjb250ZW50IjoicG9zdF9saW5rX3VybF9wYWdlIiwic2V0dGluZ3MiOnsicG9zdF9pZCI6IjMzOTgyIn19@&#8220; global_colors_info=&#8220;{}&#8220;][et_pb_text _builder_version=&#8220;4.27.4&#8243; _dynamic_attributes=&#8220;link_option_url&#8220; _module_preset=&#8220;default&#8220; background_color=&#8220;rgba(12,113,195,0.53)&#8220; link_option_url=&#8220;@ET-DC@eyJkeW5hbWljIjp0cnVlLCJjb250ZW50IjoicG9zdF9saW5rX3VybF9wYWdlIiwic2V0dGluZ3MiOnsicG9zdF9pZCI6IjMzOTgyIn19@&#8220; border_radii=&#8220;on|20px|20px|20px|20px&#8220; border_width_all=&#8220;2px&#8220; locked=&#8220;off&#8220; global_colors_info=&#8220;{}&#8220;]<\/p>\n<h2 style=\"text-align: center;\"><strong>Halbmarathon 21,095 km<\/strong><\/h2>\n<h4 style=\"text-align: center;\"><strong>Start um 10.15 Uhr\u00a0<\/strong><\/h4>\n<h4 style=\"text-align: center;\"><strong>60 CHF bis 28.02.2026<br \/>+ 10 CHF vom 01.03.26 bis 30.04.26<\/strong><\/h4>\n<h4 style=\"text-align: center;\"><strong>+ 20 CHF ab 01.05.26<\/strong><\/h4>\n<p style=\"text-align: center;\"><strong><img loading=\"lazy\" decoding=\"async\" src=\"https:\/\/3laenderlauf.org\/wp-content\/uploads\/2025\/09\/Novartis_halb-2-1-300x85.jpg\" width=\"265\" height=\"75\" alt=\"\" class=\"wp-image-35417 alignnone size-medium\" \/><\/strong><\/p>\n<p>[\/et_pb_text][\/et_pb_column][\/et_pb_row][\/et_pb_section]<\/p>\n","protected":false},"excerpt":{"rendered":"<p>Ummeldungen auf eine andere Person k\u00f6nnen wir aus organisatorischen Gr\u00fcnden nur noch bis Freitag, 1.5. entgegennehmen. Wer aufgrund Krankheit\/Unfall nicht teilnehmen kann und eine Versicherung abgeschlossen hat, kann sich direkt melden bei: www.datasport.com\/ERV Der Wechsel in eine andere Kategorie ist nur noch bis am Dienstag 3. Mai m\u00f6glich. Wir freuen uns, Euch am 17. Mai [&hellip;]<\/p>\n","protected":false},"author":1,"featured_media":0,"parent":0,"menu_order":0,"comment_status":"closed","ping_status":"closed","template":"","meta":{"_et_pb_use_builder":"on","_et_pb_old_content":"<p>[et_pb_section admin_label=\"section\"][et_pb_row admin_label=\"row\"][\/et_pb_row][\/et_pb_section][et_pb_section admin_label=\"Section\" fullwidth=\"on\" specialty=\"off\"][\/et_pb_section][et_pb_section admin_label=\"section\"][et_pb_row admin_label=\"row\"][\/et_pb_row][\/et_pb_section][et_pb_section admin_label=\"Section\" fullwidth=\"on\" specialty=\"off\"][\/et_pb_section]<\/p>","_et_gb_content_width":"","footnotes":""},"class_list":["post-37","page","type-page","status-publish","hentry"],"_links":{"self":[{"href":"https:\/\/3laenderlauf.org\/index.php?rest_route=\/wp\/v2\/pages\/37","targetHints":{"allow":["GET"]}}],"collection":[{"href":"https:\/\/3laenderlauf.org\/index.php?rest_route=\/wp\/v2\/pages"}],"about":[{"href":"https:\/\/3laenderlauf.org\/index.php?rest_route=\/wp\/v2\/types\/page"}],"author":[{"embeddable":true,"href":"https:\/\/3laenderlauf.org\/index.php?rest_route=\/wp\/v2\/users\/1"}],"replies":[{"embeddable":true,"href":"https:\/\/3laenderlauf.org\/index.php?rest_route=%2Fwp%2Fv2%2Fcomments&post=37"}],"version-history":[{"count":60,"href":"https:\/\/3laenderlauf.org\/index.php?rest_route=\/wp\/v2\/pages\/37\/revisions"}],"predecessor-version":[{"id":36613,"href":"https:\/\/3laenderlauf.org\/index.php?rest_route=\/wp\/v2\/pages\/37\/revisions\/36613"}],"wp:attachment":[{"href":"https:\/\/3laenderlauf.org\/index.php?rest_route=%2Fwp%2Fv2%2Fmedia&parent=37"}],"curies":[{"name":"wp","href":"https:\/\/api.w.org\/{rel}","templated":true}]}}