{"id":81,"date":"2016-08-08T09:36:03","date_gmt":"2016-08-08T07:36:03","guid":{"rendered":"http:\/\/eqcxdlcz.preview.infomaniak.com\/?page_id=81"},"modified":"2025-11-19T12:39:53","modified_gmt":"2025-11-19T11:39:53","slug":"anmeldung","status":"publish","type":"page","link":"https:\/\/3laenderlauf.org\/?page_id=81&lang=de","title":{"rendered":"Inscription All"},"content":{"rendered":"<p>[et_pb_section fb_built=&#8220;1&#8243; custom_padding_last_edited=&#8220;on|desktop&#8220; _builder_version=&#8220;4.26.0&#8243; background_color=&#8220;#FFFFFF&#8220; background_image=&#8220;https:\/\/3laenderlauf.org\/wp-content\/uploads\/2024\/07\/national-flags-2566388_1280.jpg&#8220; parallax=&#8220;on&#8220; min_height=&#8220;1413px&#8220; custom_padding_tablet=&#8220;50px|0|50px|0&#8243; custom_padding_phone=&#8220;&#8220; filter_saturate=&#8220;101%&#8220; border_width_bottom=&#8220;2px&#8220; border_color_bottom=&#8220;#0C71C3&#8243; transparent_background=&#8220;off&#8220; padding_mobile=&#8220;off&#8220; global_colors_info=&#8220;{}&#8220;][et_pb_row column_structure=&#8220;2_5,3_5&#8243; _builder_version=&#8220;4.27.4&#8243; background_size=&#8220;initial&#8220; background_position=&#8220;top_left&#8220; background_repeat=&#8220;repeat&#8220; min_height=&#8220;1132.2px&#8220; global_colors_info=&#8220;{}&#8220;][et_pb_column type=&#8220;2_5&#8243; _builder_version=&#8220;4.26.0&#8243; _module_preset=&#8220;default&#8220; global_colors_info=&#8220;{}&#8220;][et_pb_image src=&#8220;https:\/\/3laenderlauf.org\/wp-content\/uploads\/2024\/07\/Logo-3Laenderlauf-seul-2025-1.png&#8220; title_text=&#8220;Logo-3Laenderlauf-seul-2025&#8243; align=&#8220;center&#8220; _builder_version=&#8220;4.26.0&#8243; _module_preset=&#8220;default&#8220; background_color=&#8220;rgba(255,255,255,0.75)&#8220; global_colors_info=&#8220;{}&#8220;][\/et_pb_image][et_pb_text _builder_version=&#8220;4.27.4&#8243; _module_preset=&#8220;default&#8220; text_font=&#8220;||||||||&#8220; text_text_color=&#8220;#000000&#8243; header_3_font=&#8220;|600|||||||&#8220; header_3_font_size=&#8220;17px&#8220; background_color=&#8220;rgba(255,255,255,0.77)&#8220; custom_padding=&#8220;0px|||8px|false|false&#8220; hover_enabled=&#8220;0&#8243; global_colors_info=&#8220;{}&#8220; sticky_enabled=&#8220;0&#8243;]<\/p>\n<h3 style=\"text-align: center;\"><strong>Es stehen 3500 Startnummern zur verf\u00fcgung<\/strong><\/h3>\n<h2 style=\"text-align: center;\"><strong>\u00a0Anmeldungen<\/strong><\/h2>\n<p>&nbsp;<\/p>\n<h3><span style=\"color: #000000;\">Die Anmeldungen erfolgen \u00fcber Datasport.<\/span><\/h3>\n<h3><span style=\"color: #000000;\">ACHTUNG: Eine R\u00fcckerstattung des Startgeldes ist nicht m\u00f6glich. Bei den Online-Anmeldungen besteht die M\u00f6glichkeit, eine Annullationskosten-Versicherung bei Datasport abzuschliessen. Mehr dazu: <a href=\"https:\/\/www.datasport.com\/de\/erv\/\">https:\/\/www.datasport.com\/de\/erv\/<\/a><\/span><\/h3>\n<p>&nbsp;<\/p>\n<h3><span style=\"color: #000000;\">Startgelder:<br \/><\/span><strong><span style=\"color: #000000;\"><span style=\"text-decoration: underline;\">Marathon &gt;<\/span><br \/>80 CHF bis 28.02.26<br \/>90 CHF von 01.03.26 bis 30.04.26<br \/>100 CHF ab 01.05.26<\/span><\/strong><\/h3>\n<h3><strong><span style=\"text-decoration: underline;\">Halbmarathon &gt;<\/span><\/strong><br \/><strong>60 CHF bis 28.02.26<\/strong><br \/><strong>70 CHF von 01.03.26 bis 30.04.26<\/strong><br \/><strong>80 CHF ab 01.05.26<\/strong><\/h3>\n<h3><strong><span style=\"text-decoration: underline;\">10 km-Lauf &gt;<\/span><br \/>40 CHF bis 28.02.26<br \/>45 CHF von 01.03.26 bis 30.04.26<br \/>50 CHF ab 01.05.26<\/strong><\/h3>\n<h3><span style=\"color: #000000;\">Inklusiv Finisher T-Shirt und Finisher Medaille.<\/span><\/h3>\n<h3><strong>Wichtig<\/strong>:<br \/>Anmeldungen sind fest und definitiv.<br \/>Bei \u00dcbertragung des Startplatzes an andere L\u00e4uferinnen oder L\u00e4ufer entstehen Kosten von<br \/>CHF 10.00<br \/>Ab dem 1. Mai 2026 kann die Starterliste nicht mehr ver\u00e4ndert werden.<\/h3>\n<h3>Nachmeldungen sind nicht m\u00f6glich.<\/h3>\n<p>&nbsp;<\/p>\n<p><span style=\"color: #000000;\"><\/span><\/p>\n<p><span style=\"color: #000000;\"><\/span><\/p>\n<p><span style=\"color: #000000;\"><\/span><\/p>\n<p>[\/et_pb_text][\/et_pb_column][et_pb_column type=&#8220;3_5&#8243; _builder_version=&#8220;4.27.4&#8243; custom_padding=&#8220;|||&#8220; global_colors_info=&#8220;{}&#8220; custom_padding__hover=&#8220;|||&#8220;][et_pb_image title_text=&#8220;Logo-3Laenderlauf-2024 v1&#8243; url=&#8220;http:\/\/www.3laenderlauf.org&#8220; align=&#8220;center&#8220; align_tablet=&#8220;center&#8220; align_phone=&#8220;&#8220; align_last_edited=&#8220;on|desktop&#8220; module_class=&#8220;et_animated&#8220; _builder_version=&#8220;4.26.0&#8243; width=&#8220;50%&#8220; max_width=&#8220;50%&#8220; animation_style=&#8220;slide&#8220; animation_direction=&#8220;bottom&#8220; animation_duration=&#8220;500ms&#8220; animation_intensity_slide=&#8220;10%&#8220; global_colors_info=&#8220;{}&#8220;]<\/p>\n<p>\n&nbsp;<\/p>\n<p>[\/et_pb_image][et_pb_image title_text=&#8220;Logo-3Laenderlauf-2024 v1&#8243; url=&#8220;http:\/\/www.3laenderlauf.org&#8220; align=&#8220;center&#8220; align_tablet=&#8220;center&#8220; align_phone=&#8220;&#8220; align_last_edited=&#8220;on|desktop&#8220; module_class=&#8220;et_animated&#8220; _builder_version=&#8220;4.26.0&#8243; width=&#8220;50%&#8220; max_width=&#8220;50%&#8220; animation_style=&#8220;slide&#8220; animation_direction=&#8220;bottom&#8220; animation_duration=&#8220;500ms&#8220; animation_intensity_slide=&#8220;10%&#8220; global_colors_info=&#8220;{}&#8220;]<\/p>\n<p>\n&nbsp;<\/p>\n<p>[\/et_pb_image][et_pb_image title_text=&#8220;Logo-3Laenderlauf-2024 v1&#8243; url=&#8220;http:\/\/www.3laenderlauf.org&#8220; align=&#8220;center&#8220; align_tablet=&#8220;center&#8220; align_phone=&#8220;&#8220; align_last_edited=&#8220;on|desktop&#8220; module_class=&#8220;et_animated&#8220; _builder_version=&#8220;4.26.0&#8243; width=&#8220;50%&#8220; max_width=&#8220;50%&#8220; animation_style=&#8220;slide&#8220; animation_direction=&#8220;bottom&#8220; animation_duration=&#8220;500ms&#8220; animation_intensity_slide=&#8220;10%&#8220; global_colors_info=&#8220;{}&#8220;]<\/p>\n<p>\n&nbsp;<\/p>\n<p>[\/et_pb_image][et_pb_image title_text=&#8220;Logo-3Laenderlauf-2024 v1&#8243; url=&#8220;http:\/\/www.3laenderlauf.org&#8220; align=&#8220;center&#8220; align_tablet=&#8220;center&#8220; align_phone=&#8220;&#8220; align_last_edited=&#8220;on|desktop&#8220; module_class=&#8220;et_animated&#8220; _builder_version=&#8220;4.26.0&#8243; width=&#8220;50%&#8220; max_width=&#8220;50%&#8220; animation_style=&#8220;slide&#8220; animation_direction=&#8220;bottom&#8220; animation_duration=&#8220;500ms&#8220; animation_intensity_slide=&#8220;10%&#8220; global_colors_info=&#8220;{}&#8220;]<\/p>\n<p>\n&nbsp;<\/p>\n<p>[\/et_pb_image][et_pb_image src=&#8220;https:\/\/3laenderlauf.org\/wp-content\/uploads\/2023\/10\/Online_Anmeldung_DE.png&#8220; title_text=&#8220;Online_Anmeldung_DE&#8220; url=&#8220;https:\/\/onreg.datasport.com\/dreilaender-lauf-2026&#8243; url_new_window=&#8220;on&#8220; align=&#8220;center&#8220; _builder_version=&#8220;4.27.4&#8243; _module_preset=&#8220;default&#8220; background_color=&#8220;RGBA(255,255,255,0)&#8220; width=&#8220;65%&#8220; max_width=&#8220;93%&#8220; global_colors_info=&#8220;{}&#8220;][\/et_pb_image][et_pb_image src=&#8220;https:\/\/3laenderlauf.org\/wp-content\/uploads\/2024\/09\/Start_Rangliste_DE.png&#8220; alt=&#8220;Start und Rangliste&#8220; title_text=&#8220;Start_Rangliste_DE&#8220; url=&#8220;https:\/\/results.datasport.com\/anlass\/dreilaender-lauf-2026\/startlist&#8220; url_new_window=&#8220;on&#8220; align=&#8220;center&#8220; align_tablet=&#8220;center&#8220; align_phone=&#8220;&#8220; align_last_edited=&#8220;on|desktop&#8220; _builder_version=&#8220;4.27.4&#8243; max_width=&#8220;45%&#8220; global_colors_info=&#8220;{}&#8220;]<\/p>\n<p>\n&nbsp;<\/p>\n<p>[\/et_pb_image][\/et_pb_column][\/et_pb_row][\/et_pb_section]<\/p>\n","protected":false},"excerpt":{"rendered":"<p>Es stehen 3500 Startnummern zur verf\u00fcgung \u00a0Anmeldungen &nbsp; Die Anmeldungen erfolgen \u00fcber Datasport. ACHTUNG: Eine R\u00fcckerstattung des Startgeldes ist nicht m\u00f6glich. Bei den Online-Anmeldungen besteht die M\u00f6glichkeit, eine Annullationskosten-Versicherung bei Datasport abzuschliessen. Mehr dazu: https:\/\/www.datasport.com\/de\/erv\/ &nbsp; Startgelder:Marathon &gt;80 CHF bis 28.02.2690 CHF von 01.03.26 bis 30.04.26100 CHF ab 01.05.26 Halbmarathon &gt;60 CHF bis 28.02.2670 CHF [&hellip;]<\/p>\n","protected":false},"author":1,"featured_media":0,"parent":0,"menu_order":0,"comment_status":"closed","ping_status":"closed","template":"","meta":{"_et_pb_use_builder":"on","_et_pb_old_content":"","_et_gb_content_width":"","footnotes":""},"class_list":["post-81","page","type-page","status-publish","hentry"],"_links":{"self":[{"href":"https:\/\/3laenderlauf.org\/index.php?rest_route=\/wp\/v2\/pages\/81","targetHints":{"allow":["GET"]}}],"collection":[{"href":"https:\/\/3laenderlauf.org\/index.php?rest_route=\/wp\/v2\/pages"}],"about":[{"href":"https:\/\/3laenderlauf.org\/index.php?rest_route=\/wp\/v2\/types\/page"}],"author":[{"embeddable":true,"href":"https:\/\/3laenderlauf.org\/index.php?rest_route=\/wp\/v2\/users\/1"}],"replies":[{"embeddable":true,"href":"https:\/\/3laenderlauf.org\/index.php?rest_route=%2Fwp%2Fv2%2Fcomments&post=81"}],"version-history":[{"count":13,"href":"https:\/\/3laenderlauf.org\/index.php?rest_route=\/wp\/v2\/pages\/81\/revisions"}],"predecessor-version":[{"id":36235,"href":"https:\/\/3laenderlauf.org\/index.php?rest_route=\/wp\/v2\/pages\/81\/revisions\/36235"}],"wp:attachment":[{"href":"https:\/\/3laenderlauf.org\/index.php?rest_route=%2Fwp%2Fv2%2Fmedia&parent=81"}],"curies":[{"name":"wp","href":"https:\/\/api.w.org\/{rel}","templated":true}]}}